{"id":568,"date":"2025-09-06T19:37:26","date_gmt":"2025-09-06T19:37:26","guid":{"rendered":"https:\/\/hormone-info.com\/?page_id=568"},"modified":"2026-02-12T10:46:27","modified_gmt":"2026-02-12T09:46:27","slug":"imprint","status":"publish","type":"page","link":"https:\/\/hormone-info.com\/ru\/imprint\/","title":{"rendered":"\u0412\u044b\u0445\u043e\u0434\u043d\u044b\u0435 \u0434\u0430\u043d\u043d\u044b\u0435"},"content":{"rendered":"<div data-elementor-type=\"wp-page\" data-elementor-id=\"568\" class=\"elementor elementor-568\" data-elementor-post-type=\"page\">\n\t\t\t\t<div data-particle_enable=\"false\" data-particle-mobile-disabled=\"false\" class=\"elementor-element elementor-element-510246a e-flex e-con-boxed e-con e-parent\" data-id=\"510246a\" data-element_type=\"container\" data-e-type=\"container\">\n\t\t\t\t\t<div class=\"e-con-inner\">\n\t\t<div data-particle_enable=\"false\" data-particle-mobile-disabled=\"false\" class=\"elementor-element elementor-element-654e255 e-grid e-con-full e-con e-child\" data-id=\"654e255\" data-element_type=\"container\" data-e-type=\"container\">\n\t\t<div data-particle_enable=\"false\" data-particle-mobile-disabled=\"false\" class=\"elementor-element elementor-element-fa7f999 e-con-full e-flex e-con e-child\" data-id=\"fa7f999\" data-element_type=\"container\" data-e-type=\"container\">\n\t\t<div data-particle_enable=\"false\" data-particle-mobile-disabled=\"false\" class=\"elementor-element elementor-element-c8931ca e-con-full e-flex e-con e-child\" data-id=\"c8931ca\" data-element_type=\"container\" data-e-type=\"container\">\n\t\t\t\t<div class=\"elementor-element elementor-element-e0fe6da elementor-widget elementor-widget-heading\" data-id=\"e0fe6da\" data-element_type=\"widget\" data-e-type=\"widget\" data-widget_type=\"heading.default\">\n\t\t\t\t\t<h1 class=\"elementor-heading-title elementor-size-default\">\u0412\u044b\u0445\u043e\u0434\u043d\u044b\u0435 \u0434\u0430\u043d\u043d\u044b\u0435<\/h1>\t\t\t\t<\/div>\n\t\t\t\t<\/div>\n\t\t<div data-particle_enable=\"false\" data-particle-mobile-disabled=\"false\" class=\"elementor-element elementor-element-53cac8b e-con-full e-flex e-con e-child\" data-id=\"53cac8b\" data-element_type=\"container\" data-e-type=\"container\">\n\t\t\t\t<div class=\"elementor-element elementor-element-535ba5d elementor-widget elementor-widget-text-editor\" data-id=\"535ba5d\" data-element_type=\"widget\" data-e-type=\"widget\" data-widget_type=\"text-editor.default\">\n\t\t\t\t\t\t\t\t\t<p><strong>\u041e\u0442\u0432\u0435\u0442\u0441\u0442\u0432\u0435\u043d\u043d\u044b\u0439:<\/strong><\/p>\n<p>\u0443\u043d-\u0442-\u043f\u0440\u043e\u0444. \u0414\u043e\u043a\u0442\u043e\u0440 \u043c\u0435\u0434. \u041a\u0440\u0438\u0441\u0442\u0438\u0430\u043d \u0414\u0436. \u0422\u0430\u043b\u0435\u0440<br>Frauen\u00e4rzte F\u00fcnf H\u00f6fe<br>\u0421\u0430\u043b\u044c\u0432\u0430\u0442\u043e\u0440\u0448\u0442\u0440\u0430\u0441\u0441\u0435, 3 \u2013 \u0410\u043c\u0438\u0440\u0430\u043f\u0430\u0441\u0441\u0430\u0436<br>80333 \u041c\u044e\u043d\u0445\u0435\u043d<\/p>\n<p><a href=\"\/ru\/kontakt\/\" rel=\"noopener\">\u041d\u0430\u043f\u0438\u0448\u0438\u0442\u0435 \u043f\u0438\u0441\u044c\u043c\u043e \u043f\u0440\u043e\u0444\u0435\u0441\u0441\u043e\u0440\u0443 \u0434\u043e\u043a\u0442\u043e\u0440\u0443 \u0422\u0430\u043b\u0435\u0440\u0443 \u0421\u0435\u043d\u0434\u0435\u043d\u0443<\/a><\/p>\t\t\t\t\t\t\t\t<\/div>\n\t\t\t\t<\/div>\n\t\t\t\t<\/div>\n\t\t<div data-particle_enable=\"false\" data-particle-mobile-disabled=\"false\" class=\"elementor-element elementor-element-cf65907 e-con-full e-flex e-con e-child\" data-id=\"cf65907\" data-element_type=\"container\" data-e-type=\"container\">\n\t\t<div data-particle_enable=\"false\" data-particle-mobile-disabled=\"false\" class=\"elementor-element elementor-element-68626af e-con-full e-flex e-con e-child\" data-id=\"68626af\" data-element_type=\"container\" data-e-type=\"container\">\n\t\t\t\t<div class=\"elementor-element elementor-element-cc22e42 elementor-widget elementor-widget-text-editor\" data-id=\"cc22e42\" data-element_type=\"widget\" data-e-type=\"widget\" data-widget_type=\"text-editor.default\">\n\t\t\t\t\t\t\t\t\t<p><strong>Berufsordnung und zust\u00e4ndige \u00c4rztekammer:<\/strong><\/p><p>\u0411\u0430\u0432\u0430\u0440\u0441\u043a\u0430\u044f \u0433\u043e\u0441\u0443\u0434\u0430\u0440\u0441\u0442\u0432\u0435\u043d\u043d\u0430\u044f \u0432\u0440\u0430\u0447\u0435\u0431\u043d\u0430\u044f \u043f\u0430\u043b\u0430\u0442\u0430<br \/>\u041c\u044e\u043b\u044c\u0431\u0430\u0443\u0440\u0448\u0442\u0440\u0430\u0441\u0441\u0435 16<br \/>81677 \u041c\u044e\u043d\u0445\u0435\u043d<\/p><p><a href=\"http:\/\/www.blaek.de\/\" target=\"_blank\" rel=\"noopener\">www.blaek.de<\/a><\/p>\t\t\t\t\t\t\t\t<\/div>\n\t\t\t\t<\/div>\n\t\t\t\t<\/div>\n\t\t\t\t<\/div>\n\t\t\t\t\t<\/div>\n\t\t\t\t<\/div>\n\t\t<div data-particle_enable=\"false\" data-particle-mobile-disabled=\"false\" class=\"elementor-element elementor-element-bd130e7 e-flex e-con-boxed e-con e-parent\" data-id=\"bd130e7\" data-element_type=\"container\" data-e-type=\"container\">\n\t\t\t\t\t<div class=\"e-con-inner\">\n\t\t<div data-particle_enable=\"false\" data-particle-mobile-disabled=\"false\" class=\"elementor-element elementor-element-8cdbde6 e-con-full e-flex e-con e-child\" data-id=\"8cdbde6\" data-element_type=\"container\" data-e-type=\"container\">\n\t\t<div data-particle_enable=\"false\" data-particle-mobile-disabled=\"false\" class=\"elementor-element elementor-element-0fc1e05 e-con-full e-flex e-con e-child\" data-id=\"0fc1e05\" data-element_type=\"container\" data-e-type=\"container\">\n\t\t<div data-particle_enable=\"false\" data-particle-mobile-disabled=\"false\" class=\"elementor-element elementor-element-b8ee7f2 e-con-full e-flex e-con e-child\" data-id=\"b8ee7f2\" data-element_type=\"container\" data-e-type=\"container\">\n\t\t\t\t<div class=\"elementor-element elementor-element-36c9a0f elementor-widget elementor-widget-text-editor\" data-id=\"36c9a0f\" data-element_type=\"widget\" data-e-type=\"widget\" data-widget_type=\"text-editor.default\">\n\t\t\t\t\t\t\t\t\t<p><strong>\u0418\u0437\u043e\u0431\u0440\u0430\u0436\u0435\u043d\u0438\u044f \u0438 \u0432\u0438\u0434\u0435\u043e\u043c\u0430\u0442\u0435\u0440\u0438\u0430\u043b\u044b:<\/strong><\/p><p><strong>\u0424\u043e\u0442\u043e\u0433\u0440\u0430\u0444\u0438\u0438:\u00a0<\/strong>Asia Waypoint, Depositphotos, LMU Klinikum, Adobe Stock \u0438 \u043f\u0440\u0438\u0432\u0430\u0442<br \/><strong>\u0412\u0438\u0434\u0435\u043e:<\/strong>\u00a0Mit freundlicher Genehmigung der Deutschen Gesellschaft f\u00fcr Gyn\u00e4kologie und Geburtshilfe (<a href=\"https:\/\/www.gyn-werden.de\/\" target=\"_blank\" rel=\"noopener\">\u0414\u0413\u0413\u0413<\/a>)<\/p>\t\t\t\t\t\t\t\t<\/div>\n\t\t\t\t<div class=\"elementor-element elementor-element-db23087 elementor-widget elementor-widget-text-editor\" data-id=\"db23087\" data-element_type=\"widget\" data-e-type=\"widget\" data-widget_type=\"text-editor.default\">\n\t\t\t\t\t\t\t\t\t<p><strong>\u0412\u0435\u0431-\u0434\u0438\u0437\u0430\u0439\u043d \u0438 SEO-\u043e\u043f\u0442\u0438\u043c\u0438\u0437\u0430\u0446\u0438\u044f:<\/strong><\/p><p><a href=\"https:\/\/seobuchen.com\" target=\"_blank\" rel=\"noopener\">SEO-\u0431\u0443\u0445\u0435\u043d \u043e\u0442 LinkITUp<\/a><\/p>\t\t\t\t\t\t\t\t<\/div>\n\t\t\t\t<\/div>\n\t\t\t\t<\/div>\n\t\t\t\t<\/div>\n\t\t\t\t\t<\/div>\n\t\t\t\t<\/div>\n\t\t\t\t<\/div>","protected":false},"excerpt":{"rendered":"<p>Impressum Verantwortlich: Univ.-Prof. Dr. med. Christian J. ThalerFrauen\u00e4rzte F\u00fcnf H\u00f6feSalvatorstr. 3 &#8211; Amirapassage80333 M\u00fcnchen Email an Prof. Dr. Thaler senden Berufsordnung und zust\u00e4ndige \u00c4rztekammer: Bayerische Landes\u00e4rztekammerM\u00fchlbaurstra\u00dfe 1681677 M\u00fcnchen www.blaek.de Bild- und Videomaterial: Fotos:\u00a0Asia Waypoint, Depositphotos, LMU Klinikum, Adobe Stock und privatVideo:\u00a0Mit freundlicher Genehmigung der Deutschen Gesellschaft f\u00fcr Gyn\u00e4kologie und Geburtshilfe (DGGG) Webdesign &amp; SEO-Optimierung: SEO [&hellip;]<\/p>\n","protected":false},"author":1,"featured_media":0,"parent":0,"menu_order":0,"comment_status":"closed","ping_status":"closed","template":"","meta":{"footnotes":""},"class_list":["post-568","page","type-page","status-publish","hentry"],"_links":{"self":[{"href":"https:\/\/hormone-info.com\/ru\/wp-json\/wp\/v2\/pages\/568","targetHints":{"allow":["GET"]}}],"collection":[{"href":"https:\/\/hormone-info.com\/ru\/wp-json\/wp\/v2\/pages"}],"about":[{"href":"https:\/\/hormone-info.com\/ru\/wp-json\/wp\/v2\/types\/page"}],"author":[{"embeddable":true,"href":"https:\/\/hormone-info.com\/ru\/wp-json\/wp\/v2\/users\/1"}],"replies":[{"embeddable":true,"href":"https:\/\/hormone-info.com\/ru\/wp-json\/wp\/v2\/comments?post=568"}],"version-history":[{"count":4,"href":"https:\/\/hormone-info.com\/ru\/wp-json\/wp\/v2\/pages\/568\/revisions"}],"predecessor-version":[{"id":3912,"href":"https:\/\/hormone-info.com\/ru\/wp-json\/wp\/v2\/pages\/568\/revisions\/3912"}],"wp:attachment":[{"href":"https:\/\/hormone-info.com\/ru\/wp-json\/wp\/v2\/media?parent=568"}],"curies":[{"name":"wp","href":"https:\/\/api.w.org\/{rel}","templated":true}]}}