{"id":363,"date":"2025-09-06T16:58:39","date_gmt":"2025-09-06T16:58:39","guid":{"rendered":"https:\/\/hormone-info.com\/?page_id=363"},"modified":"2026-03-25T18:32:15","modified_gmt":"2026-03-25T17:32:15","slug":"about-me","status":"publish","type":"page","link":"https:\/\/hormone-info.com\/ru\/about-me\/","title":{"rendered":"\u041e\u0431\u043e \u043c\u043d\u0435"},"content":{"rendered":"<div data-elementor-type=\"wp-page\" data-elementor-id=\"363\" class=\"elementor elementor-363\" data-elementor-post-type=\"page\">\n\t\t\t\t<div data-particle_enable=\"false\" data-particle-mobile-disabled=\"false\" class=\"elementor-element elementor-element-f1cde82 e-flex e-con-boxed e-con e-parent\" data-id=\"f1cde82\" data-element_type=\"container\" data-e-type=\"container\">\n\t\t\t\t\t<div class=\"e-con-inner\">\n\t\t<div data-particle_enable=\"false\" data-particle-mobile-disabled=\"false\" class=\"elementor-element elementor-element-95580cb e-grid e-con-full e-con e-child\" data-id=\"95580cb\" data-element_type=\"container\" data-e-type=\"container\">\n\t\t<div data-particle_enable=\"false\" data-particle-mobile-disabled=\"false\" class=\"elementor-element elementor-element-71b59a2 e-con-full e-flex e-con e-child\" data-id=\"71b59a2\" data-element_type=\"container\" data-e-type=\"container\">\n\t\t<div data-particle_enable=\"false\" data-particle-mobile-disabled=\"false\" class=\"elementor-element elementor-element-332ef7a e-con-full e-flex e-con e-child\" data-id=\"332ef7a\" data-element_type=\"container\" data-e-type=\"container\">\n\t\t\t\t<div class=\"elementor-element elementor-element-0d63fc9 elementor-widget elementor-widget-heading\" data-id=\"0d63fc9\" data-element_type=\"widget\" data-e-type=\"widget\" data-widget_type=\"heading.default\">\n\t\t\t\t\t<h1 class=\"elementor-heading-title elementor-size-default\">\u041e\u0431\u043e \u043c\u043d\u0435<\/h1>\t\t\t\t<\/div>\n\t\t\t\t<div class=\"elementor-element elementor-element-cba54de elementor-widget elementor-widget-image\" data-id=\"cba54de\" data-element_type=\"widget\" data-e-type=\"widget\" data-widget_type=\"image.default\">\n\t\t\t\t\t\t\t\t\t\t\t\t\t\t\t<img fetchpriority=\"high\" decoding=\"async\" width=\"800\" height=\"800\" src=\"https:\/\/hormone-info.com\/wp-content\/uploads\/2025\/09\/Prof.-Dr.-med-Christian-Thaler-lachelt-Ihr-Online-Doktor-fur-Kinderwunsch-Hormone-Fehlgeburtspravention.jpg\" class=\"attachment-large size-large wp-image-313\" alt=\"\u041f\u0440\u043e\u0444\u0435\u0441\u0441\u043e\u0440, \u0434\u043e\u043a\u0442\u043e\u0440 \u043c\u0435\u0434\u0438\u0446\u0438\u043d\u0441\u043a\u0438\u0445 \u043d\u0430\u0443\u043a \u041a\u0440\u0438\u0441\u0442\u0438\u0430\u043d \u0422\u0430\u043b\u0435\u0440 \u041b\u0435\u0445\u0435\u043b\u044c\u0442 - Ihr Online-Doktor f\u00fcr Kinderwunsch, Hormone &amp; Fehlgeburtspr\u00e4vention\" srcset=\"https:\/\/hormone-info.com\/wp-content\/uploads\/2025\/09\/Prof.-Dr.-med-Christian-Thaler-lachelt-Ihr-Online-Doktor-fur-Kinderwunsch-Hormone-Fehlgeburtspravention.jpg 1000w, https:\/\/hormone-info.com\/wp-content\/uploads\/2025\/09\/Prof.-Dr.-med-Christian-Thaler-lachelt-Ihr-Online-Doktor-fur-Kinderwunsch-Hormone-Fehlgeburtspravention-300x300.jpg 300w, https:\/\/hormone-info.com\/wp-content\/uploads\/2025\/09\/Prof.-Dr.-med-Christian-Thaler-lachelt-Ihr-Online-Doktor-fur-Kinderwunsch-Hormone-Fehlgeburtspravention-100x100.jpg 100w, https:\/\/hormone-info.com\/wp-content\/uploads\/2025\/09\/Prof.-Dr.-med-Christian-Thaler-lachelt-Ihr-Online-Doktor-fur-Kinderwunsch-Hormone-Fehlgeburtspravention-600x600.jpg 600w, https:\/\/hormone-info.com\/wp-content\/uploads\/2025\/09\/Prof.-Dr.-med-Christian-Thaler-lachelt-Ihr-Online-Doktor-fur-Kinderwunsch-Hormone-Fehlgeburtspravention-150x150.jpg 150w, https:\/\/hormone-info.com\/wp-content\/uploads\/2025\/09\/Prof.-Dr.-med-Christian-Thaler-lachelt-Ihr-Online-Doktor-fur-Kinderwunsch-Hormone-Fehlgeburtspravention-768x768.jpg 768w\" sizes=\"(max-width: 800px) 100vw, 800px\" \/>\t\t\t\t\t\t\t\t\t\t\t\t\t\t\t<\/div>\n\t\t\t\t<\/div>\n\t\t\t\t<div class=\"elementor-element elementor-element-f9b592b elementor-widget elementor-widget-text-editor\" data-id=\"f9b592b\" data-element_type=\"widget\" data-e-type=\"widget\" data-widget_type=\"text-editor.default\">\n\t\t\t\t\t\t\t\t\t<p style=\"color: #006ec8; margin: 0;\">\u0443\u043d-\u0442-\u043f\u0440\u043e\u0444. \u0414\u043e\u043a\u0442\u043e\u0440 \u043c\u0435\u0434. \u041a\u0440\u0438\u0441\u0442\u0438\u0430\u043d \u0414\u0436. \u0422\u0430\u043b\u0435\u0440<br \/>\u041c\u0418\u0410\u041a | \u0424\u041a\u0420\u0418.<br \/>\u0413\u0438\u043d\u0435\u043a\u043e\u043b\u043e\u0433\u0438 \u0424\u044e\u043d\u0444 \u0425\u0451\u0444\u0435<br \/>\u0421\u0430\u043b\u044c\u0432\u0430\u0442\u043e\u0440\u0448\u0442\u0440\u0430\u0441\u0441\u0435, 3 \u2013 \u0410\u043c\u0438\u0440\u0430\u043f\u0430\u0441\u0441\u0430\u0436<br \/>80333 \u041c\u044e\u043d\u0445\u0435\u043d, \u0413\u0435\u0440\u043c\u0430\u043d\u0438\u044f<br \/>\u0422\u0435\u043b.: +49-89-2555-9590<\/p>\t\t\t\t\t\t\t\t<\/div>\n\t\t\t\t<div class=\"elementor-element elementor-element-e27036b elementor-align-center elementor-widget elementor-widget-button\" data-id=\"e27036b\" data-element_type=\"widget\" data-e-type=\"widget\" data-widget_type=\"button.default\">\n\t\t\t\t\t\t\t\t\t\t<a class=\"elementor-button elementor-button-link elementor-size-sm\" href=\"https:\/\/hormone-info.com\/ru\/impressionen\/\">\n\t\t\t\t\t\t<span class=\"elementor-button-content-wrapper\">\n\t\t\t\t\t\t\t\t\t<span class=\"elementor-button-text\">\u0412\u043f\u0435\u0447\u0430\u0442\u043b\u0435\u043d\u0438\u044f<\/span>\n\t\t\t\t\t<\/span>\n\t\t\t\t\t<\/a>\n\t\t\t\t\t\t\t\t<\/div>\n\t\t\t\t<\/div>\n\t\t<div data-particle_enable=\"false\" data-particle-mobile-disabled=\"false\" class=\"elementor-element elementor-element-2d052d7 e-con-full e-flex e-con e-child\" data-id=\"2d052d7\" data-element_type=\"container\" data-e-type=\"container\">\n\t\t\t\t<div class=\"elementor-element elementor-element-26fef0a elementor-widget elementor-widget-heading\" data-id=\"26fef0a\" data-element_type=\"widget\" data-e-type=\"widget\" data-widget_type=\"heading.default\">\n\t\t\t\t\t<h2 class=\"elementor-heading-title elementor-size-default\">\u0411\u0438\u043e\u0433\u0440\u0430\u0444\u0438\u044f<\/h2>\t\t\t\t<\/div>\n\t\t\t\t<div class=\"elementor-element elementor-element-2c935ce elementor-widget elementor-widget-menu-anchor\" data-id=\"2c935ce\" data-element_type=\"widget\" data-e-type=\"widget\" data-widget_type=\"menu-anchor.default\">\n\t\t\t\t\t\t\t<div class=\"elementor-menu-anchor\" id=\"lebenslauf\"><\/div>\n\t\t\t\t\t\t<\/div>\n\t\t\t\t<div class=\"elementor-element elementor-element-676ce35 elementor-widget elementor-widget-text-editor\" data-id=\"676ce35\" data-element_type=\"widget\" data-e-type=\"widget\" data-widget_type=\"text-editor.default\">\n\t\t\t\t\t\t\t\t\t<p>\u0412 1998 \u0433\u043e\u0434\u0443 \u044f \u0431\u044b\u043b \u043d\u0430\u0437\u043d\u0430\u0447\u0435\u043d \u0443\u043d\u0438\u0432\u0435\u0440\u0441\u0438\u0442\u0435\u0442\u0441\u043a\u0438\u043c \u043f\u0440\u043e\u0444\u0435\u0441\u0441\u043e\u0440\u043e\u043c \u0432 \u0443\u043d\u0438\u0432\u0435\u0440\u0441\u0438\u0442\u0435\u0442\u0441\u043a\u043e\u0439 \u0431\u043e\u043b\u044c\u043d\u0438\u0446\u0435 \u0438\u043c\u0435\u043d\u0438 \u041b\u044e\u0434\u0432\u0438\u0433\u0430 \u041c\u0430\u043a\u0441\u0438\u043c\u0438\u043b\u0438\u0430\u043d\u0430 \u0432 \u041c\u044e\u043d\u0445\u0435\u043d\u0435, \u0433\u0434\u0435 \u0440\u0443\u043a\u043e\u0432\u043e\u0434\u0438\u043b \u0426\u0435\u043d\u0442\u0440\u043e\u043c \u0433\u043e\u0440\u043c\u043e\u043d\u043e\u0432 \u0438 \u0444\u0435\u0440\u0442\u0438\u043b\u044c\u043d\u043e\u0441\u0442\u0438 \u0434\u043e \u043c\u0430\u0440\u0442\u0430 2024 \u0433\u043e\u0434\u0430. \u0420\u0430\u043d\u0435\u0435 \u044f \u0440\u0430\u0431\u043e\u0442\u0430\u043b \u0432 \u0438\u0437\u0432\u0435\u0441\u0442\u043d\u044b\u0445 \u043a\u043b\u0438\u043d\u0438\u043a\u0430\u0445 \u0438 \u0438\u043d\u0441\u0442\u0438\u0442\u0443\u0442\u0430\u0445 \u043a\u0430\u043a \u0432 \u0441\u0442\u0440\u0430\u043d\u0435, \u0442\u0430\u043a \u0438 \u0437\u0430 \u0440\u0443\u0431\u0435\u0436\u043e\u043c, \u0432 \u0442\u043e\u043c \u0447\u0438\u0441\u043b\u0435 \u0432 \u0426\u0435\u043d\u0442\u0440\u0435 \u0440\u0435\u043f\u0440\u043e\u0434\u0443\u043a\u0442\u0438\u0432\u043d\u043e\u0439 \u0438 \u0442\u0440\u0430\u043d\u0441\u043f\u043b\u0430\u043d\u0442\u0430\u0446\u0438\u043e\u043d\u043d\u043e\u0439 \u0438\u043c\u043c\u0443\u043d\u043e\u043b\u043e\u0433\u0438\u0438 \u0432 \u0418\u043d\u0434\u0438\u0430\u043d\u0430\u043f\u043e\u043b\u0438\u0441\u0435 (\u0421\u0428\u0410), \u0432 \u0411\u0440\u0438\u0433\u0445\u044d\u043c\u0441\u043a\u043e\u0439 \u0436\u0435\u043d\u0441\u043a\u043e\u0439 \u0431\u043e\u043b\u044c\u043d\u0438\u0446\u0435 \u0413\u0430\u0440\u0432\u0430\u0440\u0434\u0441\u043a\u043e\u0439 \u043c\u0435\u0434\u0438\u0446\u0438\u043d\u0441\u043a\u043e\u0439 \u0448\u043a\u043e\u043b\u044b \u0432 \u0411\u043e\u0441\u0442\u043e\u043d\u0435, \u0432 \u041c\u0435\u0434\u0438\u0446\u0438\u043d\u0441\u043a\u043e\u0439 \u0448\u043a\u043e\u043b\u0435 \u0410\u0431\u0435\u0440\u0434\u0438\u043d\u0430 (\u0412\u0435\u043b\u0438\u043a\u043e\u0431\u0440\u0438\u0442\u0430\u043d\u0438\u044f) \u0438 \u0432 \u0423\u043d\u0438\u0432\u0435\u0440\u0441\u0438\u0442\u0435\u0442\u0435 \u0438\u043c\u0435\u043d\u0438 \u0418\u043e\u0433\u0430\u043d\u043d\u0430 \u0412\u043e\u043b\u044c\u0444\u0433\u0430\u043d\u0433\u0430 \u0444\u043e\u043d \u0413\u0451\u0442\u0435 \u0432\u043e \u0424\u0440\u0430\u043d\u043a\u0444\u0443\u0440\u0442\u0435-\u043d\u0430-\u041c\u0430\u0439\u043d\u0435.<\/p>\n<p>\u0412 \u043d\u0430\u0441\u0442\u043e\u044f\u0449\u0435\u0435 \u0432\u0440\u0435\u043c\u044f \u044f \u0432 \u043e\u0441\u043d\u043e\u0432\u043d\u043e\u043c \u043e\u043a\u0430\u0437\u044b\u0432\u0430\u044e \u043f\u043e\u043c\u043e\u0449\u044c \u043f\u0430\u0446\u0438\u0435\u043d\u0442\u0430\u043c \u0438 \u043f\u0430\u0440\u0430\u043c, \u043e\u0431\u0440\u0430\u0449\u0430\u044e\u0449\u0438\u043c\u0441\u044f \u0437\u0430 \u0441\u043e\u0432\u0435\u0442\u043e\u043c, \u043f\u043e\u0441\u0440\u0435\u0434\u0441\u0442\u0432\u043e\u043c \u0432\u0438\u0434\u0435\u043e\u043a\u043e\u043d\u0441\u0443\u043b\u044c\u0442\u0430\u0446\u0438\u0439. \u0412\u043e \u0432\u0440\u0435\u043c\u044f \u044d\u0442\u0438\u0445 \u0441\u0435\u0441\u0441\u0438\u0439 \u044f \u0443\u0434\u0435\u043b\u044f\u044e \u0434\u043e\u0441\u0442\u0430\u0442\u043e\u0447\u043d\u043e \u0432\u0440\u0435\u043c\u0435\u043d\u0438 \u043f\u0440\u0435\u0434\u043e\u0441\u0442\u0430\u0432\u043b\u0435\u043d\u0438\u044e \u0432\u0441\u0435\u0441\u0442\u043e\u0440\u043e\u043d\u043d\u0435\u0439 \u0438 \u0431\u0435\u0441\u043f\u0440\u0438\u0441\u0442\u0440\u0430\u0441\u0442\u043d\u043e\u0439 \u043e\u043d\u043b\u0430\u0439\u043d-\u043a\u043e\u043d\u0441\u0443\u043b\u044c\u0442\u0430\u0446\u0438\u0438. \u042f \u0442\u0430\u043a\u0436\u0435 \u043f\u0440\u043e\u0432\u043e\u0436\u0443 \u043f\u0440\u0438\u0435\u043c\u044b \u0432 \u0441\u0432\u043e\u0435\u0439 \u0447\u0430\u0441\u0442\u043d\u043e\u0439 \u043f\u0440\u0430\u043a\u0442\u0438\u043a\u0435 \u201cFrauen\u00e4rzte F\u00fcnf H\u00f6fe\u201d \u0432 \u0446\u0435\u043d\u0442\u0440\u0435 \u041c\u044e\u043d\u0445\u0435\u043d\u0430.&nbsp;&nbsp;<\/p><p>\u041d\u0430 \u043f\u0440\u043e\u0442\u044f\u0436\u0435\u043d\u0438\u0438 \u0441\u0432\u043e\u0435\u0439 \u043a\u0430\u0440\u044c\u0435\u0440\u044b \u044f \u0437\u0430\u043d\u0438\u043c\u0430\u043b\u0430 \u043c\u043d\u043e\u0433\u043e\u0447\u0438\u0441\u043b\u0435\u043d\u043d\u044b\u0435 \u0440\u0443\u043a\u043e\u0432\u043e\u0434\u044f\u0449\u0438\u0435 \u0434\u043e\u043b\u0436\u043d\u043e\u0441\u0442\u0438 \u0432 \u043f\u0440\u043e\u0444\u0435\u0441\u0441\u0438\u043e\u043d\u0430\u043b\u044c\u043d\u044b\u0445 \u043e\u0431\u0449\u0435\u0441\u0442\u0432\u0430\u0445. \u042f \u0431\u044b\u043b\u0430 \u0432\u0438\u0446\u0435-\u043f\u0440\u0435\u0437\u0438\u0434\u0435\u043d\u0442\u043e\u043c \u0410\u043c\u0435\u0440\u0438\u043a\u0430\u043d\u0441\u043a\u043e\u0433\u043e \u043e\u0431\u0449\u0435\u0441\u0442\u0432\u0430 \u0440\u0435\u043f\u0440\u043e\u0434\u0443\u043a\u0442\u0438\u0432\u043d\u043e\u0439 \u0438\u043c\u043c\u0443\u043d\u043e\u043b\u043e\u0433\u0438\u0438 (ASRI), \u043f\u0440\u0435\u0437\u0438\u0434\u0435\u043d\u0442\u043e\u043c \u041d\u0435\u043c\u0435\u0446\u043a\u043e\u0433\u043e \u043e\u0431\u0449\u0435\u0441\u0442\u0432\u0430 \u0440\u0435\u043f\u0440\u043e\u0434\u0443\u043a\u0442\u0438\u0432\u043d\u043e\u0439 \u043c\u0435\u0434\u0438\u0446\u0438\u043d\u044b (DGRM) \u0438 \u041d\u0435\u043c\u0435\u0446\u043a\u043e\u0439 \u0430\u0441\u0441\u043e\u0446\u0438\u0430\u0446\u0438\u0438 \u0440\u0435\u043f\u0440\u043e\u0434\u0443\u043a\u0442\u0438\u0432\u043d\u043e\u0439 \u0431\u0438\u043e\u043b\u043e\u0433\u0438\u0438 \u0438 \u043c\u0435\u0434\u0438\u0446\u0438\u043d\u044b (DVR). \u042f \u0442\u0430\u043a\u0436\u0435 \u0437\u0430\u043d\u0438\u043c\u0430\u043b\u0430 \u0434\u043e\u043b\u0436\u043d\u043e\u0441\u0442\u044c \u0432\u0438\u0446\u0435-\u043f\u0440\u0435\u0437\u0438\u0434\u0435\u043d\u0442\u0430 \u041d\u0435\u043c\u0435\u0446\u043a\u043e\u0433\u043e \u043e\u0431\u0449\u0435\u0441\u0442\u0432\u0430 \u0433\u0438\u043d\u0435\u043a\u043e\u043b\u043e\u0433\u0438\u0438 \u0438 \u0430\u043a\u0443\u0448\u0435\u0440\u0441\u0442\u0432\u0430 (DGGG), \u0447\u043b\u0435\u043d\u0430 \u043f\u0440\u0430\u0432\u043b\u0435\u043d\u0438\u044f \u041d\u0435\u043c\u0435\u0446\u043a\u043e\u0433\u043e \u043e\u0431\u0449\u0435\u0441\u0442\u0432\u0430 \u043c\u0435\u043d\u043e\u043f\u0430\u0443\u0437\u044b \u0438 \u043f\u0440\u0435\u0434\u0441\u0435\u0434\u0430\u0442\u0435\u043b\u044f \u0440\u0430\u0431\u043e\u0447\u0435\u0439 \u0433\u0440\u0443\u043f\u043f\u044b \u0443\u043d\u0438\u0432\u0435\u0440\u0441\u0438\u0442\u0435\u0442\u0441\u043a\u0438\u0445 \u0446\u0435\u043d\u0442\u0440\u043e\u0432 \u0440\u0435\u043f\u0440\u043e\u0434\u0443\u043a\u0442\u0438\u0432\u043d\u043e\u0439 \u043c\u0435\u0434\u0438\u0446\u0438\u043d\u044b (URZ).<\/p>\n<p>\u041a\u0440\u043e\u043c\u0435 \u0442\u043e\u0433\u043e, \u044f \u044f\u0432\u043b\u044f\u044e\u0441\u044c \u0438\u0437\u0431\u0440\u0430\u043d\u043d\u044b\u043c \u0447\u043b\u0435\u043d\u043e\u043c \u0426\u044e\u0440\u0438\u0445\u0441\u043a\u043e\u0433\u043e \u043a\u0440\u0443\u0433\u0430, \u044d\u043a\u0441\u043f\u0435\u0440\u0442\u043d\u043e\u0439 \u043a\u043e\u043c\u0438\u0441\u0441\u0438\u0438 \u043f\u043e \u0441\u043f\u0435\u0446\u0438\u0430\u043b\u044c\u043d\u044b\u043c \u0432\u043e\u043f\u0440\u043e\u0441\u0430\u043c \u0433\u0438\u043d\u0435\u043a\u043e\u043b\u043e\u0433\u0438\u0447\u0435\u0441\u043a\u043e\u0439 \u044d\u043d\u0434\u043e\u043a\u0440\u0438\u043d\u043e\u043b\u043e\u0433\u0438\u0438 \u0438 \u0433\u043e\u0440\u043c\u043e\u043d\u0430\u043b\u044c\u043d\u043e\u0439 \u043a\u043e\u043d\u0442\u0440\u0430\u0446\u0435\u043f\u0446\u0438\u0438. \u0412 \u043a\u0430\u0447\u0435\u0441\u0442\u0432\u0435 \u043d\u0430\u0437\u043d\u0430\u0447\u0435\u043d\u043d\u043e\u0433\u043e \u0447\u043b\u0435\u043d\u0430 \u043a\u043e\u043d\u0441\u0443\u043b\u044c\u0442\u0430\u0442\u0438\u0432\u043d\u043e\u0433\u043e \u0441\u043e\u0432\u0435\u0442\u0430 \u043f\u043e \u201c\u0432\u0441\u043f\u043e\u043c\u043e\u0433\u0430\u0442\u0435\u043b\u044c\u043d\u044b\u043c \u0440\u0435\u043f\u0440\u043e\u0434\u0443\u043a\u0442\u0438\u0432\u043d\u044b\u043c \u0442\u0435\u0445\u043d\u043e\u043b\u043e\u0433\u0438\u044f\u043c\u201d \u043f\u0440\u0438 \u041c\u0438\u043d\u0438\u0441\u0442\u0435\u0440\u0441\u0442\u0432\u0435 \u0437\u0434\u0440\u0430\u0432\u043e\u043e\u0445\u0440\u0430\u043d\u0435\u043d\u0438\u044f \u0438 \u0441\u043e\u0446\u0438\u0430\u043b\u044c\u043d\u043e\u0433\u043e \u043e\u0431\u0435\u0441\u043f\u0435\u0447\u0435\u043d\u0438\u044f \u0411\u0430\u0432\u0430\u0440\u0438\u0438 \u044f \u0432\u043d\u043e\u0448\u0443 \u0441\u0432\u043e\u0439 \u043e\u043f\u044b\u0442 \u0432 \u043f\u0440\u043e\u0446\u0435\u0441\u0441\u044b \u043f\u0440\u0438\u043d\u044f\u0442\u0438\u044f \u0440\u0435\u0448\u0435\u043d\u0438\u0439 \u0432 \u043e\u0431\u043b\u0430\u0441\u0442\u0438 \u043f\u043e\u043b\u0438\u0442\u0438\u043a\u0438 \u0437\u0434\u0440\u0430\u0432\u043e\u043e\u0445\u0440\u0430\u043d\u0435\u043d\u0438\u044f. \u0422\u0430\u043a\u0436\u0435 \u044f \u044f\u0432\u043b\u044f\u044e\u0441\u044c \u044d\u043a\u0441\u043f\u0435\u0440\u0442\u043e\u043c \u041e\u0431\u044a\u0435\u0434\u0438\u043d\u0435\u043d\u043d\u043e\u0433\u043e \u0444\u0435\u0434\u0435\u0440\u0430\u043b\u044c\u043d\u043e\u0433\u043e \u043a\u043e\u043c\u0438\u0442\u0435\u0442\u0430 (G-BA) \u0432 \u043e\u0431\u043b\u0430\u0441\u0442\u0438 \u0440\u0435\u043f\u0440\u043e\u0434\u0443\u043a\u0442\u0438\u0432\u043d\u043e\u0439 \u043c\u0435\u0434\u0438\u0446\u0438\u043d\u044b.<\/p>\t\t\t\t\t\t\t\t<\/div>\n\t\t\t\t<\/div>\n\t\t\t\t<\/div>\n\t\t\t\t\t<\/div>\n\t\t\t\t<\/div>\n\t\t\t\t<\/div>","protected":false},"excerpt":{"rendered":"<p>About Me Univ.-Prof. Dr. med. Christian J. ThalerM.I.A.C. | F.C.R.I.Gynecologists F\u00fcnf H\u00f6feSalvatorstr. 3 &#8211; Amirapassage80333 Munich, GermanyTel.: +49-89-2555-9590 To Impressions Biography In 1998, I was appointed as a university professor at the Ludwig Maximilian University of Munich Hospital, where I directed the Hormone and Fertility Center until March 2024. Previously, I worked at renowned clinics [&hellip;]<\/p>\n","protected":false},"author":1,"featured_media":0,"parent":0,"menu_order":0,"comment_status":"closed","ping_status":"closed","template":"","meta":{"footnotes":""},"class_list":["post-363","page","type-page","status-publish","hentry"],"_links":{"self":[{"href":"https:\/\/hormone-info.com\/ru\/wp-json\/wp\/v2\/pages\/363","targetHints":{"allow":["GET"]}}],"collection":[{"href":"https:\/\/hormone-info.com\/ru\/wp-json\/wp\/v2\/pages"}],"about":[{"href":"https:\/\/hormone-info.com\/ru\/wp-json\/wp\/v2\/types\/page"}],"author":[{"embeddable":true,"href":"https:\/\/hormone-info.com\/ru\/wp-json\/wp\/v2\/users\/1"}],"replies":[{"embeddable":true,"href":"https:\/\/hormone-info.com\/ru\/wp-json\/wp\/v2\/comments?post=363"}],"version-history":[{"count":10,"href":"https:\/\/hormone-info.com\/ru\/wp-json\/wp\/v2\/pages\/363\/revisions"}],"predecessor-version":[{"id":4023,"href":"https:\/\/hormone-info.com\/ru\/wp-json\/wp\/v2\/pages\/363\/revisions\/4023"}],"wp:attachment":[{"href":"https:\/\/hormone-info.com\/ru\/wp-json\/wp\/v2\/media?parent=363"}],"curies":[{"name":"wp","href":"https:\/\/api.w.org\/{rel}","templated":true}]}}