{"id":685,"date":"2025-09-08T07:09:13","date_gmt":"2025-09-08T07:09:13","guid":{"rendered":"https:\/\/hormone-info.com\/?page_id=685"},"modified":"2026-02-25T22:06:27","modified_gmt":"2026-02-25T21:06:27","slug":"privacy-policy","status":"publish","type":"page","link":"https:\/\/hormone-info.com\/it\/privacy-policy\/","title":{"rendered":"politica sulla riservatezza"},"content":{"rendered":"<div data-elementor-type=\"wp-page\" data-elementor-id=\"685\" class=\"elementor elementor-685\" data-elementor-post-type=\"page\">\n\t\t\t\t<div data-particle_enable=\"false\" data-particle-mobile-disabled=\"false\" class=\"elementor-element elementor-element-e159a9e e-flex e-con-boxed e-con e-parent\" data-id=\"e159a9e\" data-element_type=\"container\" data-e-type=\"container\">\n\t\t\t\t\t<div class=\"e-con-inner\">\n\t\t\t\t<div class=\"elementor-element elementor-element-086d18a elementor-widget elementor-widget-heading\" data-id=\"086d18a\" data-element_type=\"widget\" data-e-type=\"widget\" data-widget_type=\"heading.default\">\n\t\t\t\t\t<h1 class=\"elementor-heading-title elementor-size-default\">politica sulla riservatezza<\/h1>\t\t\t\t<\/div>\n\t\t\t\t<div class=\"elementor-element elementor-element-eaf1d40 elementor-widget elementor-widget-text-editor\" data-id=\"eaf1d40\" data-element_type=\"widget\" data-e-type=\"widget\" data-widget_type=\"text-editor.default\">\n\t\t\t\t\t\t\t\t\t<strong>1. La protezione dei dati in sintesi<\/strong>\n\n<strong style=\"font-size: 1rem;\">Informazioni generali<\/strong>\n\nLe seguenti informazioni forniscono una semplice panoramica di cosa accade ai tuoi dati personali quando visiti questo sito web. I dati personali sono tutti i dati che consentono l&#039;identificazione personale. Informazioni dettagliate sulla protezione dei dati sono disponibili nella nostra informativa sulla privacy, riportata in calce al presente testo.\n\n<strong style=\"font-size: 1rem;\">Raccolta dati su questo sito web<\/strong>\n\n<strong>Chi \u00e8 responsabile della raccolta dei dati su questo sito web?<\/strong>\n\nIl trattamento dei dati su questo sito web \u00e8 effettuato dal gestore del sito web. I suoi dati di contatto sono reperibili nella sezione &quot;Informazioni sul Titolare del Trattamento&quot; della presente informativa sulla privacy.\n\n<strong>Come raccogliamo i tuoi dati?<\/strong>\n\nDa un lato, i tuoi dati vengono raccolti quando ce li fornisci. Ci\u00f2 pu\u00f2 includere, ad esempio, i dati che inserisci in un modulo di contatto. Altri dati vengono raccolti automaticamente o con il tuo consenso quando visiti il sito web tramite i nostri sistemi IT. Ci\u00f2 include principalmente dati tecnici (ad esempio browser Internet, sistema operativo o orario di accesso alla pagina). Questi dati vengono raccolti automaticamente non appena accedi a questo sito web.\n\n<strong>Per cosa utilizziamo i tuoi dati?<\/strong>\n\nAlcuni dati vengono raccolti per garantire un funzionamento corretto del sito web. Altri dati possono essere utilizzati per analizzare il comportamento dell&#039;utente.\n\n<strong>Quali sono i tuoi diritti in merito ai tuoi dati?<\/strong>\n\nHai il diritto di ottenere in qualsiasi momento informazioni gratuite sull&#039;origine, i destinatari e lo scopo dei tuoi dati personali memorizzati. Hai inoltre il diritto di richiederne la rettifica o la cancellazione. Se hai prestato il consenso al trattamento dei dati, puoi revocarlo in qualsiasi momento con effetto per il futuro. Inoltre, hai il diritto, in determinate circostanze, di richiedere la limitazione del trattamento dei tuoi dati personali. Hai inoltre il diritto di presentare un reclamo all&#039;autorit\u00e0 di controllo competente. Per questo e per qualsiasi altra domanda relativa alla protezione dei dati, puoi contattarci in qualsiasi momento.\n\n<strong>2. Ospitalit\u00e0<\/strong>\n\nOspitiamo i contenuti del nostro sito web presso il seguente provider:\n\n<strong>Fabbrica di domini<\/strong>\n\nIl fornitore \u00e8 <strong>DomainFactory GmbH<\/strong>, c\/o WeWork, Neuturmstra\u00dfe 5, 80331 Monaco di Baviera (di seguito denominata &quot;DomainFactory&quot;). Quando visiti il nostro sito web, DomainFactory raccoglie vari file di log, inclusi i tuoi indirizzi IP. Ulteriori informazioni sono disponibili nell&#039;informativa sulla privacy di DomainFactory:\n<a href=\"https:\/\/www.df.eu\/de\/datenschutz\/\" target=\"_blank\" rel=\"noopener noreferrer nofollow\">https:\/\/www.df.eu\/de\/datenschutz\/<\/a>.L&#039;utilizzo di DomainFactory si basa sull&#039;art. 6(1)(f) GDPR. Abbiamo un legittimo interesse a una presentazione il pi\u00f9 affidabile possibile del nostro sito web. Qualora sia stato richiesto il relativo consenso, il trattamento avviene esclusivamente sulla base dell&#039;art. 6(1)(a) GDPR e dell&#039;art. 25(1) TTDSG, nella misura in cui il consenso includa la memorizzazione di cookie o l&#039;accesso a informazioni sul dispositivo dell&#039;utente (ad esempio, l&#039;impronta digitale del dispositivo) ai sensi della TTDSG. Il consenso pu\u00f2 essere revocato in qualsiasi momento.\n\n<strong>Contratto di elaborazione dei dati<\/strong>\n\nAbbiamo stipulato un accordo sul trattamento dei dati (DPA) per l&#039;utilizzo del servizio sopra menzionato. Si tratta di un contratto obbligatorio per legge che garantisce che DomainFactory tratti i dati personali dei visitatori del nostro sito web esclusivamente in conformit\u00e0 con le nostre istruzioni e nel rispetto del GDPR.\n\n<strong>3. Informazioni generali e divulgazioni obbligatorie<\/strong>\n\n<strong>Protezione dei dati<\/strong>\n\nI gestori di queste pagine prendono molto seriamente la protezione dei vostri dati personali. Trattiamo i vostri dati personali in modo confidenziale e in conformit\u00e0 con le normative sulla protezione dei dati e con la presente informativa sulla privacy. Quando utilizzate questo sito web, vengono raccolti diversi dati personali. I dati personali sono dati che consentono di identificarvi personalmente. La presente informativa sulla privacy spiega quali dati raccogliamo e per cosa li utilizziamo. Spiega inoltre come e per quale scopo ci\u00f2 avviene. Desideriamo sottolineare che la trasmissione di dati su Internet (ad esempio, la comunicazione via e-mail) pu\u00f2 presentare vulnerabilit\u00e0 di sicurezza. Una protezione completa dei dati dall&#039;accesso da parte di terzi non \u00e8 possibile.\n\n<strong>Informazioni sul soggetto responsabile<\/strong>\n\nIl responsabile del trattamento dei dati su questo sito web \u00e8: Prof. Dr. med. Christian J. Thaler Frauen\u00e4rzte F\u00fcnf H\u00f6fe Salvatorstr. 3 80333 Monaco di Baviera  \n\n<span style=\"text-decoration: underline;\">\n<strong><a href=\"\/it\/kontakt\/\">Invia un&#039;e-mail al Prof. Thaler<\/a><\/strong>\n<\/span>\n\nIl responsabile \u00e8 la persona fisica o giuridica che, da sola o insieme ad altri, determina le finalit\u00e0 e i mezzi del trattamento dei dati personali (ad esempio nomi, indirizzi e-mail, ecc.).\n\n<strong>Durata di conservazione<\/strong>\n\nSalvo che nella presente informativa sulla privacy non sia specificato un periodo di conservazione pi\u00f9 specifico, i tuoi dati personali rimarranno presso di noi fino a quando non verr\u00e0 meno la finalit\u00e0 del trattamento. Qualora tu richieda legittimamente la cancellazione o revochi il consenso, i tuoi dati verranno cancellati, a meno che non sussistano motivi legalmente consentiti per un&#039;ulteriore conservazione (ad esempio periodi di conservazione fiscali o commerciali); in quest&#039;ultimo caso, la cancellazione avverr\u00e0 dopo che tali motivi saranno venuti meno.\n\n<strong>Informazioni generali sulla base giuridica del trattamento dei dati su questo sito web<\/strong>\n\nSe hai prestato il consenso al trattamento dei dati, trattiamo i tuoi dati personali sulla base dell&#039;art. 6(1)(a) GDPR o dell&#039;art. 9(2)(a) GDPR, se vengono trattate categorie particolari di dati personali ai sensi dell&#039;art. 9(1) GDPR. In caso di consenso esplicito al trasferimento di dati personali a paesi terzi, il trattamento dei dati si basa anche sull&#039;art. 49(1)(a) GDPR. Se hai acconsentito alla memorizzazione dei cookie o all&#039;accesso alle informazioni sul tuo dispositivo (ad esempio tramite impronte digitali del dispositivo), il trattamento dei dati si basa inoltre sul \u00a7 25(1) TTDSG. Il consenso pu\u00f2 essere revocato in qualsiasi momento. Se i tuoi dati sono necessari per l&#039;adempimento del contratto o per misure precontrattuali, vengono trattati sulla base dell&#039;art. 6(1)(b) GDPR. Inoltre, i dati vengono trattati se necessario per adempiere a un obbligo legale sulla base dell&#039;art. 6(1)(c) GDPR. Il trattamento dei dati pu\u00f2 anche basarsi sul nostro legittimo interesse ai sensi dell&#039;art. 6(1)(f) GDPR.\n\n<strong>Avviso sui trasferimenti di dati verso paesi terzi non sicuri e verso societ\u00e0 statunitensi non certificate ai sensi del DPF<\/strong>\n\nTra le altre cose, utilizziamo strumenti di aziende con sede in Paesi non considerati sicuri ai sensi della legge sulla protezione dei dati, nonch\u00e9 strumenti statunitensi i cui fornitori non sono certificati ai sensi del Framework UE-USA sulla privacy dei dati (DPF). Se questi strumenti sono attivi, i tuoi dati personali potrebbero essere trasferiti e trattati in questi Paesi. Sottolineiamo che in tali Paesi non \u00e8 possibile garantire un livello di protezione dei dati paragonabile a quello dell&#039;UE. Sottolineiamo inoltre che gli Stati Uniti sono generalmente considerati un Paese terzo sicuro con un livello di protezione dei dati paragonabile a quello dell&#039;UE, a condizione che il destinatario sia certificato ai sensi del Framework UE-USA sulla privacy dei dati (DPF) o disponga di adeguate garanzie aggiuntive.\n\n<strong>Destinatari dei dati personali<\/strong>\n\nNell&#039;ambito delle nostre attivit\u00e0 commerciali, collaboriamo con diverse parti esterne. In alcuni casi, ci\u00f2 richiede anche il trasferimento di dati personali a tali parti esterne. Trasmettiamo i dati personali solo se necessario per l&#039;adempimento del contratto, se siamo legalmente obbligati a farlo, se abbiamo un legittimo interesse ai sensi dell&#039;art. 6(1)(f) GDPR o se un&#039;altra base giuridica consente il trasferimento.\n\n<strong>Diritto di revoca del consenso<\/strong>\n\nMolte operazioni di trattamento dei dati sono possibili solo con il tuo esplicito consenso. Puoi revocare il consenso gi\u00e0 fornito in qualsiasi momento. La liceit\u00e0 del trattamento dei dati effettuato fino alla revoca rimane impregiudicata.\n\n<strong>Diritto di opposizione (art. 21 GDPR)<\/strong>\n\nSE IL TRATTAMENTO DEI DATI SI BASA SULL&#039;ART. 6(1)(E) O (F) GDPR, HAI IL DIRITTO DI OPPORTI AL TRATTAMENTO DEI TUOI DATI PERSONALI IN QUALSIASI MOMENTO PER MOTIVI DERIVANTI DALLA TUA SITUAZIONE PARTICOLARE. QUESTO SI APPLICA ANCHE ALLA PROFILAZIONE BASATA SU TALI DISPOSIZIONI.\n\n<strong>Diritto di proporre reclamo all&#039;autorit\u00e0 di controllo<\/strong>\n\nGli interessati possono rivolgersi alla seguente autorit\u00e0 di controllo:\n\n<strong>Ufficio statale bavarese per la supervisione della protezione dei dati (BayLDA)<\/strong>  \nPasseggiata 18 91522 Ansbach  \n<a href=\"https:\/\/www.lda.bayern.de\" target=\"_blank\" rel=\"noopener noreferrer nofollow\">https:\/\/www.lda.bayern.de<\/a>\n\n<strong>Crittografia SSL\/TLS<\/strong>\n\nQuesto sito web utilizza la crittografia SSL\/TLS per motivi di sicurezza e per proteggere la trasmissione di contenuti riservati. Se la crittografia SSL\/TLS \u00e8 attivata, i dati che ci trasmettete non possono essere letti da terzi.\n\n<strong>Materiale di immagini e video<\/strong>\n\nFoto: Asia Waypoint, Depositphotos, LMU Klinikum, Adobe Stock, Envato e video privato: per gentile concessione della Societ\u00e0 tedesca di ginecologia e ostetricia (DGGG)\n\n<strong>Web Design e Ottimizzazione SEO<\/strong>\n\nSEO buchen di LinkITUp Fonte:\n<a href=\"https:\/\/www.e-recht24.de\/\" target=\"_blank\" rel=\"nofollow noopener\">https:\/\/www.e-recht24.de<\/a>\t\t\t\t\t\t\t\t<\/div>\n\t\t\t\t\t<\/div>\n\t\t\t\t<\/div>\n\t\t\t\t<\/div>","protected":false},"excerpt":{"rendered":"<p>1. Data Protection at a Glance General Information The following information provides a simple overview of what happens to your personal data when you visit this website. Personal data is any data by which you can be personally identified. Detailed information on the subject of data protection can be found in our privacy policy listed [&hellip;]<\/p>\n","protected":false},"author":1,"featured_media":0,"parent":0,"menu_order":0,"comment_status":"closed","ping_status":"closed","template":"","meta":{"footnotes":""},"class_list":["post-685","page","type-page","status-publish","hentry"],"_links":{"self":[{"href":"https:\/\/hormone-info.com\/it\/wp-json\/wp\/v2\/pages\/685","targetHints":{"allow":["GET"]}}],"collection":[{"href":"https:\/\/hormone-info.com\/it\/wp-json\/wp\/v2\/pages"}],"about":[{"href":"https:\/\/hormone-info.com\/it\/wp-json\/wp\/v2\/types\/page"}],"author":[{"embeddable":true,"href":"https:\/\/hormone-info.com\/it\/wp-json\/wp\/v2\/users\/1"}],"replies":[{"embeddable":true,"href":"https:\/\/hormone-info.com\/it\/wp-json\/wp\/v2\/comments?post=685"}],"version-history":[{"count":7,"href":"https:\/\/hormone-info.com\/it\/wp-json\/wp\/v2\/pages\/685\/revisions"}],"predecessor-version":[{"id":4011,"href":"https:\/\/hormone-info.com\/it\/wp-json\/wp\/v2\/pages\/685\/revisions\/4011"}],"wp:attachment":[{"href":"https:\/\/hormone-info.com\/it\/wp-json\/wp\/v2\/media?parent=685"}],"curies":[{"name":"wp","href":"https:\/\/api.w.org\/{rel}","templated":true}]}}