{"id":363,"date":"2025-09-06T16:58:39","date_gmt":"2025-09-06T16:58:39","guid":{"rendered":"https:\/\/hormone-info.com\/?page_id=363"},"modified":"2026-03-25T18:32:15","modified_gmt":"2026-03-25T17:32:15","slug":"about-me","status":"publish","type":"page","link":"https:\/\/hormone-info.com\/it\/about-me\/","title":{"rendered":"Su di me"},"content":{"rendered":"<div data-elementor-type=\"wp-page\" data-elementor-id=\"363\" class=\"elementor elementor-363\" data-elementor-post-type=\"page\">\n\t\t\t\t<div data-particle_enable=\"false\" data-particle-mobile-disabled=\"false\" class=\"elementor-element elementor-element-f1cde82 e-flex e-con-boxed e-con e-parent\" data-id=\"f1cde82\" data-element_type=\"container\" data-e-type=\"container\">\n\t\t\t\t\t<div class=\"e-con-inner\">\n\t\t<div data-particle_enable=\"false\" data-particle-mobile-disabled=\"false\" class=\"elementor-element elementor-element-95580cb e-grid e-con-full e-con e-child\" data-id=\"95580cb\" data-element_type=\"container\" data-e-type=\"container\">\n\t\t<div data-particle_enable=\"false\" data-particle-mobile-disabled=\"false\" class=\"elementor-element elementor-element-71b59a2 e-con-full e-flex e-con e-child\" data-id=\"71b59a2\" data-element_type=\"container\" data-e-type=\"container\">\n\t\t<div data-particle_enable=\"false\" data-particle-mobile-disabled=\"false\" class=\"elementor-element elementor-element-332ef7a e-con-full e-flex e-con e-child\" data-id=\"332ef7a\" data-element_type=\"container\" data-e-type=\"container\">\n\t\t\t\t<div class=\"elementor-element elementor-element-0d63fc9 elementor-widget elementor-widget-heading\" data-id=\"0d63fc9\" data-element_type=\"widget\" data-e-type=\"widget\" data-widget_type=\"heading.default\">\n\t\t\t\t\t<h1 class=\"elementor-heading-title elementor-size-default\">Su di me<\/h1>\t\t\t\t<\/div>\n\t\t\t\t<div class=\"elementor-element elementor-element-cba54de elementor-widget elementor-widget-image\" data-id=\"cba54de\" data-element_type=\"widget\" data-e-type=\"widget\" data-widget_type=\"image.default\">\n\t\t\t\t\t\t\t\t\t\t\t\t\t\t\t<img fetchpriority=\"high\" decoding=\"async\" width=\"800\" height=\"800\" src=\"https:\/\/hormone-info.com\/wp-content\/uploads\/2025\/09\/Prof.-Dr.-med-Christian-Thaler-lachelt-Ihr-Online-Doktor-fur-Kinderwunsch-Hormone-Fehlgeburtspravention.jpg\" class=\"attachment-large size-large wp-image-313\" alt=\"Prof. Dr. con Christian Thaler l\u00e4chelt - Il mio medico online per le cure infantili, la terapia ormonale e le cure mediche\" srcset=\"https:\/\/hormone-info.com\/wp-content\/uploads\/2025\/09\/Prof.-Dr.-med-Christian-Thaler-lachelt-Ihr-Online-Doktor-fur-Kinderwunsch-Hormone-Fehlgeburtspravention.jpg 1000w, https:\/\/hormone-info.com\/wp-content\/uploads\/2025\/09\/Prof.-Dr.-med-Christian-Thaler-lachelt-Ihr-Online-Doktor-fur-Kinderwunsch-Hormone-Fehlgeburtspravention-300x300.jpg 300w, https:\/\/hormone-info.com\/wp-content\/uploads\/2025\/09\/Prof.-Dr.-med-Christian-Thaler-lachelt-Ihr-Online-Doktor-fur-Kinderwunsch-Hormone-Fehlgeburtspravention-100x100.jpg 100w, https:\/\/hormone-info.com\/wp-content\/uploads\/2025\/09\/Prof.-Dr.-med-Christian-Thaler-lachelt-Ihr-Online-Doktor-fur-Kinderwunsch-Hormone-Fehlgeburtspravention-600x600.jpg 600w, https:\/\/hormone-info.com\/wp-content\/uploads\/2025\/09\/Prof.-Dr.-med-Christian-Thaler-lachelt-Ihr-Online-Doktor-fur-Kinderwunsch-Hormone-Fehlgeburtspravention-150x150.jpg 150w, https:\/\/hormone-info.com\/wp-content\/uploads\/2025\/09\/Prof.-Dr.-med-Christian-Thaler-lachelt-Ihr-Online-Doktor-fur-Kinderwunsch-Hormone-Fehlgeburtspravention-768x768.jpg 768w\" sizes=\"(max-width: 800px) 100vw, 800px\" \/>\t\t\t\t\t\t\t\t\t\t\t\t\t\t\t<\/div>\n\t\t\t\t<\/div>\n\t\t\t\t<div class=\"elementor-element elementor-element-f9b592b elementor-widget elementor-widget-text-editor\" data-id=\"f9b592b\" data-element_type=\"widget\" data-e-type=\"widget\" data-widget_type=\"text-editor.default\">\n\t\t\t\t\t\t\t\t\t<p style=\"color: #006ec8; margin: 0;\">Prof. Univ. Dott. med. Christian J. Thaler<br \/>MIAC | FCRI.<br \/>Ginecologi F\u00fcnf H\u00f6fe<br \/>Salvatorstr. 3 \u2013 Amirapassage<br \/>80333 Monaco di Baviera, Germania<br \/>Tel.: +49-89-2555-9590<\/p>\t\t\t\t\t\t\t\t<\/div>\n\t\t\t\t<div class=\"elementor-element elementor-element-e27036b elementor-align-center elementor-widget elementor-widget-button\" data-id=\"e27036b\" data-element_type=\"widget\" data-e-type=\"widget\" data-widget_type=\"button.default\">\n\t\t\t\t\t\t\t\t\t\t<a class=\"elementor-button elementor-button-link elementor-size-sm\" href=\"https:\/\/hormone-info.com\/it\/impressionen\/\">\n\t\t\t\t\t\t<span class=\"elementor-button-content-wrapper\">\n\t\t\t\t\t\t\t\t\t<span class=\"elementor-button-text\">Alle impressioni<\/span>\n\t\t\t\t\t<\/span>\n\t\t\t\t\t<\/a>\n\t\t\t\t\t\t\t\t<\/div>\n\t\t\t\t<\/div>\n\t\t<div data-particle_enable=\"false\" data-particle-mobile-disabled=\"false\" class=\"elementor-element elementor-element-2d052d7 e-con-full e-flex e-con e-child\" data-id=\"2d052d7\" data-element_type=\"container\" data-e-type=\"container\">\n\t\t\t\t<div class=\"elementor-element elementor-element-26fef0a elementor-widget elementor-widget-heading\" data-id=\"26fef0a\" data-element_type=\"widget\" data-e-type=\"widget\" data-widget_type=\"heading.default\">\n\t\t\t\t\t<h2 class=\"elementor-heading-title elementor-size-default\">Biografia<\/h2>\t\t\t\t<\/div>\n\t\t\t\t<div class=\"elementor-element elementor-element-2c935ce elementor-widget elementor-widget-menu-anchor\" data-id=\"2c935ce\" data-element_type=\"widget\" data-e-type=\"widget\" data-widget_type=\"menu-anchor.default\">\n\t\t\t\t\t\t\t<div class=\"elementor-menu-anchor\" id=\"lebenslauf\"><\/div>\n\t\t\t\t\t\t<\/div>\n\t\t\t\t<div class=\"elementor-element elementor-element-676ce35 elementor-widget elementor-widget-text-editor\" data-id=\"676ce35\" data-element_type=\"widget\" data-e-type=\"widget\" data-widget_type=\"text-editor.default\">\n\t\t\t\t\t\t\t\t\t<p>Nel 1998 sono stato nominato professore universitario presso l&#039;Universit\u00e0 Ludwig Maximilian di Monaco di Baviera, dove ho diretto il Centro Ormonale e Fertilit\u00e0 fino a marzo 2024. In precedenza, ho lavorato presso rinomate cliniche e istituti sia a livello nazionale che internazionale, tra cui il Center for Reproduction and Transplantation Immunology di Indianapolis (USA), il Brigham and Women&#039;s Hospital della Harvard Medical School di Boston, la Medical School di Aberdeen (Regno Unito) e l&#039;Universit\u00e0 Johann Wolfgang von Goethe di Francoforte sul Meno.<\/p>\n<p>Attualmente, offro principalmente consulenze video a pazienti e coppie che cercano aiuto. Durante queste sessioni, dedico tutto il tempo necessario per fornire una consulenza online completa e imparziale. Ricevo anche presso il mio studio privato, &quot;Frauen\u00e4rzte F\u00fcnf H\u00f6fe&quot;, nel centro di Monaco.&nbsp;&nbsp;<\/p><p>Nel corso della mia carriera, ho ricoperto numerosi incarichi dirigenziali in societ\u00e0 professionali. Sono stato Vicepresidente dell&#039;American Society of Reproductive Immunology (ASRI), Presidente della Societ\u00e0 Tedesca di Medicina Riproduttiva (DGRM) e dell&#039;Associazione Tedesca per la Biologia e la Medicina della Riproduzione (DVR). Sono stato inoltre Vicepresidente della Societ\u00e0 Tedesca di Ginecologia e Ostetricia (DGGG), Membro del Consiglio Direttivo della Societ\u00e0 Tedesca per la Menopausa e Presidente del Gruppo di Lavoro dei Centri Universitari di Medicina Riproduttiva (URZ).<\/p>\n<p>Sono inoltre membro eletto del Circolo di Zurigo, una commissione di esperti per questioni specifiche in endocrinologia ginecologica e contraccezione ormonale. In qualit\u00e0 di membro designato del comitato consultivo per la &quot;riproduzione assistita&quot; presso il Ministero della Salute e dell&#039;Assistenza della Baviera, contribuisco con la mia esperienza ai processi decisionali in materia di politica sanitaria. Inoltre, svolgo il ruolo di esperto per il G-BA (Comitato Paritetico Federale) nel campo della medicina riproduttiva.<\/p>\t\t\t\t\t\t\t\t<\/div>\n\t\t\t\t<\/div>\n\t\t\t\t<\/div>\n\t\t\t\t\t<\/div>\n\t\t\t\t<\/div>\n\t\t\t\t<\/div>","protected":false},"excerpt":{"rendered":"<p>About Me Univ.-Prof. Dr. med. Christian J. ThalerM.I.A.C. | F.C.R.I.Gynecologists F\u00fcnf H\u00f6feSalvatorstr. 3 &#8211; Amirapassage80333 Munich, GermanyTel.: +49-89-2555-9590 To Impressions Biography In 1998, I was appointed as a university professor at the Ludwig Maximilian University of Munich Hospital, where I directed the Hormone and Fertility Center until March 2024. Previously, I worked at renowned clinics [&hellip;]<\/p>\n","protected":false},"author":1,"featured_media":0,"parent":0,"menu_order":0,"comment_status":"closed","ping_status":"closed","template":"","meta":{"footnotes":""},"class_list":["post-363","page","type-page","status-publish","hentry"],"_links":{"self":[{"href":"https:\/\/hormone-info.com\/it\/wp-json\/wp\/v2\/pages\/363","targetHints":{"allow":["GET"]}}],"collection":[{"href":"https:\/\/hormone-info.com\/it\/wp-json\/wp\/v2\/pages"}],"about":[{"href":"https:\/\/hormone-info.com\/it\/wp-json\/wp\/v2\/types\/page"}],"author":[{"embeddable":true,"href":"https:\/\/hormone-info.com\/it\/wp-json\/wp\/v2\/users\/1"}],"replies":[{"embeddable":true,"href":"https:\/\/hormone-info.com\/it\/wp-json\/wp\/v2\/comments?post=363"}],"version-history":[{"count":10,"href":"https:\/\/hormone-info.com\/it\/wp-json\/wp\/v2\/pages\/363\/revisions"}],"predecessor-version":[{"id":4023,"href":"https:\/\/hormone-info.com\/it\/wp-json\/wp\/v2\/pages\/363\/revisions\/4023"}],"wp:attachment":[{"href":"https:\/\/hormone-info.com\/it\/wp-json\/wp\/v2\/media?parent=363"}],"curies":[{"name":"wp","href":"https:\/\/api.w.org\/{rel}","templated":true}]}}