{"id":305,"date":"2025-09-05T23:13:15","date_gmt":"2025-09-05T23:13:15","guid":{"rendered":"https:\/\/hormone-info.com\/?page_id=305"},"modified":"2026-03-18T16:19:19","modified_gmt":"2026-03-18T15:19:19","slug":"contact","status":"publish","type":"page","link":"https:\/\/hormone-info.com\/it\/contact\/","title":{"rendered":"Contatto"},"content":{"rendered":"\t\t<div data-elementor-type=\"wp-page\" data-elementor-id=\"305\" class=\"elementor elementor-305\" data-elementor-post-type=\"page\">\n\t\t\t\t<div data-particle_enable=\"false\" data-particle-mobile-disabled=\"false\" class=\"elementor-element elementor-element-808fb41 e-flex e-con-boxed e-con e-parent\" data-id=\"808fb41\" data-element_type=\"container\" data-e-type=\"container\">\n\t\t\t\t\t<div class=\"e-con-inner\">\n\t\t<div data-particle_enable=\"false\" data-particle-mobile-disabled=\"false\" class=\"elementor-element elementor-element-1947fca e-grid e-con-full e-con e-child\" data-id=\"1947fca\" data-element_type=\"container\" data-e-type=\"container\">\n\t\t<div data-particle_enable=\"false\" data-particle-mobile-disabled=\"false\" class=\"elementor-element elementor-element-d732d60 e-con-full e-flex e-con e-child\" data-id=\"d732d60\" data-element_type=\"container\" data-e-type=\"container\">\n\t\t<div data-particle_enable=\"false\" data-particle-mobile-disabled=\"false\" class=\"elementor-element elementor-element-3b21e4a e-con-full e-flex e-con e-child\" data-id=\"3b21e4a\" data-element_type=\"container\" data-e-type=\"container\">\n\t\t\t\t<div class=\"elementor-element elementor-element-187bd1a elementor-widget elementor-widget-heading\" data-id=\"187bd1a\" data-element_type=\"widget\" data-e-type=\"widget\" data-widget_type=\"heading.default\">\n\t\t\t\t\t<h1 class=\"elementor-heading-title elementor-size-default\">Contact<\/h1>\t\t\t\t<\/div>\n\t\t\t\t<div class=\"elementor-element elementor-element-993a7e4 elementor-widget elementor-widget-image\" data-id=\"993a7e4\" data-element_type=\"widget\" data-e-type=\"widget\" data-widget_type=\"image.default\">\n\t\t\t\t\t\t\t\t\t\t\t\t\t\t\t<img fetchpriority=\"high\" decoding=\"async\" width=\"800\" height=\"800\" src=\"https:\/\/hormone-info.com\/wp-content\/uploads\/2025\/09\/Prof.-Dr.-med-Christian-Thaler-lachelt-Ihr-Online-Doktor-fur-Kinderwunsch-Hormone-Fehlgeburtspravention.jpg\" class=\"attachment-large size-large wp-image-313\" alt=\"Prof. Dr. med Christian Thaler l\u00e4chelt - Ihr Online-Doktor f\u00fcr Kinderwunsch, Hormone &amp; Fehlgeburtspr\u00e4vention\" srcset=\"https:\/\/hormone-info.com\/wp-content\/uploads\/2025\/09\/Prof.-Dr.-med-Christian-Thaler-lachelt-Ihr-Online-Doktor-fur-Kinderwunsch-Hormone-Fehlgeburtspravention.jpg 1000w, https:\/\/hormone-info.com\/wp-content\/uploads\/2025\/09\/Prof.-Dr.-med-Christian-Thaler-lachelt-Ihr-Online-Doktor-fur-Kinderwunsch-Hormone-Fehlgeburtspravention-300x300.jpg 300w, https:\/\/hormone-info.com\/wp-content\/uploads\/2025\/09\/Prof.-Dr.-med-Christian-Thaler-lachelt-Ihr-Online-Doktor-fur-Kinderwunsch-Hormone-Fehlgeburtspravention-100x100.jpg 100w, https:\/\/hormone-info.com\/wp-content\/uploads\/2025\/09\/Prof.-Dr.-med-Christian-Thaler-lachelt-Ihr-Online-Doktor-fur-Kinderwunsch-Hormone-Fehlgeburtspravention-600x600.jpg 600w, https:\/\/hormone-info.com\/wp-content\/uploads\/2025\/09\/Prof.-Dr.-med-Christian-Thaler-lachelt-Ihr-Online-Doktor-fur-Kinderwunsch-Hormone-Fehlgeburtspravention-150x150.jpg 150w, https:\/\/hormone-info.com\/wp-content\/uploads\/2025\/09\/Prof.-Dr.-med-Christian-Thaler-lachelt-Ihr-Online-Doktor-fur-Kinderwunsch-Hormone-Fehlgeburtspravention-768x768.jpg 768w\" sizes=\"(max-width: 800px) 100vw, 800px\" \/>\t\t\t\t\t\t\t\t\t\t\t\t\t\t\t<\/div>\n\t\t\t\t<\/div>\n\t\t\t\t<div class=\"elementor-element elementor-element-4cc4f7b elementor-widget elementor-widget-text-editor\" data-id=\"4cc4f7b\" data-element_type=\"widget\" data-e-type=\"widget\" data-widget_type=\"text-editor.default\">\n\t\t\t\t\t\t\t\t\t<p style=\"color: #006ec8; margin: 0;\"><strong>Univ.-Prof. Dr. med. Christian J. Thaler<\/strong><br \/>M.I.A.C. \u2502 F.C.R.I.<\/p><p style=\"margin: 0;\">Frauen\u00e4rzte F\u00fcnf H\u00f6fe<br \/>Salvatorstr. 3 &#8211; Amirapassage<br \/>D-80333 M\u00fcnchen<\/p><p style=\"margin: 0;\">Tel.: (Praxis) <strong><a href=\"tel:+49-89\/5808826\">+49-89-2555-9590<\/a><\/strong><\/p><p style=\"margin: 0;\">Anrufbeantworter: (Video-Sprechstunde):\u00a0<strong>+49-89-5808826<\/strong><\/p>\t\t\t\t\t\t\t\t<\/div>\n\t\t\t\t<\/div>\n\t\t<div data-particle_enable=\"false\" data-particle-mobile-disabled=\"false\" class=\"elementor-element elementor-element-4c3f9e2 e-con-full e-flex e-con e-child\" data-id=\"4c3f9e2\" data-element_type=\"container\" data-e-type=\"container\">\n\t\t\t\t<div class=\"elementor-element elementor-element-675ef14 elementor-widget elementor-widget-heading\" data-id=\"675ef14\" data-element_type=\"widget\" data-e-type=\"widget\" data-widget_type=\"heading.default\">\n\t\t\t\t\t<h1 class=\"elementor-heading-title elementor-size-default\">Your Message<\/h1>\t\t\t\t<\/div>\n\t\t\t\t<div class=\"elementor-element elementor-element-690d482 elementor-button-align-stretch elementor-widget elementor-widget-form\" data-id=\"690d482\" data-element_type=\"widget\" data-e-type=\"widget\" data-settings=\"{&quot;step_next_label&quot;:&quot;Next&quot;,&quot;step_previous_label&quot;:&quot;Previous&quot;,&quot;button_width&quot;:&quot;100&quot;,&quot;step_type&quot;:&quot;number_text&quot;,&quot;step_icon_shape&quot;:&quot;circle&quot;}\" data-widget_type=\"form.default\">\n\t\t\t\t\t\t\t<form class=\"elementor-form\" method=\"post\" name=\"New Form\" aria-label=\"New Form\">\n\t\t\t<input type=\"hidden\" name=\"post_id\" value=\"305\"\/>\n\t\t\t<input type=\"hidden\" name=\"form_id\" value=\"690d482\"\/>\n\t\t\t<input type=\"hidden\" name=\"referer_title\" value=\"\" \/>\n\n\t\t\t\n\t\t\t<div class=\"elementor-form-fields-wrapper elementor-labels-\">\n\t\t\t\t\t\t\t\t<div class=\"elementor-field-type-text elementor-field-group elementor-column elementor-field-group-name elementor-col-100 elementor-field-required\">\n\t\t\t\t\t\t\t\t\t\t\t\t<label for=\"form-field-name\" class=\"elementor-field-label elementor-screen-only\">\n\t\t\t\t\t\t\t\tName\t\t\t\t\t\t\t<\/label>\n\t\t\t\t\t\t\t\t\t\t\t\t\t\t<input size=\"1\" type=\"text\" name=\"form_fields[name]\" id=\"form-field-name\" class=\"elementor-field elementor-size-sm  elementor-field-textual\" placeholder=\"Name\" required=\"required\">\n\t\t\t\t\t\t\t\t\t\t\t<\/div>\n\t\t\t\t\t\t\t\t<div class=\"elementor-field-type-email elementor-field-group elementor-column elementor-field-group-email elementor-col-100 elementor-field-required\">\n\t\t\t\t\t\t\t\t\t\t\t\t<label for=\"form-field-email\" class=\"elementor-field-label elementor-screen-only\">\n\t\t\t\t\t\t\t\tE-Mail\t\t\t\t\t\t\t<\/label>\n\t\t\t\t\t\t\t\t\t\t\t\t\t\t<input size=\"1\" type=\"email\" name=\"form_fields[email]\" id=\"form-field-email\" class=\"elementor-field elementor-size-sm  elementor-field-textual\" placeholder=\"E-Mail\" required=\"required\">\n\t\t\t\t\t\t\t\t\t\t\t<\/div>\n\t\t\t\t\t\t\t\t<div class=\"elementor-field-type-tel elementor-field-group elementor-column elementor-field-group-message elementor-col-100 elementor-field-required\">\n\t\t\t\t\t\t\t\t\t\t\t\t<label for=\"form-field-message\" class=\"elementor-field-label elementor-screen-only\">\n\t\t\t\t\t\t\t\tPhone Number\t\t\t\t\t\t\t<\/label>\n\t\t\t\t\t\t\t\t<input size=\"1\" type=\"tel\" name=\"form_fields[message]\" id=\"form-field-message\" class=\"elementor-field elementor-size-sm  elementor-field-textual\" placeholder=\"Phone Number\" required=\"required\" pattern=\"[0-9()#&amp;+*-=.]+\" title=\"Sono accettati solo numeri e caratteri telefonici (#, -, *, ecc.).\">\n\n\t\t\t\t\t\t<\/div>\n\t\t\t\t\t\t\t\t<div class=\"elementor-field-type-textarea elementor-field-group elementor-column elementor-field-group-field_ae37c57 elementor-col-100\">\n\t\t\t\t\t\t\t\t\t\t\t\t<label for=\"form-field-field_ae37c57\" class=\"elementor-field-label elementor-screen-only\">\n\t\t\t\t\t\t\t\tMessage\t\t\t\t\t\t\t<\/label>\n\t\t\t\t\t\t<textarea class=\"elementor-field-textual elementor-field  elementor-size-sm\" name=\"form_fields[field_ae37c57]\" id=\"form-field-field_ae37c57\" rows=\"6\" placeholder=\"Message\"><\/textarea>\t\t\t\t<\/div>\n\t\t\t\t\t\t\t\t<div class=\"elementor-field-type-acceptance elementor-field-group elementor-column elementor-field-group-field_9c3a32b elementor-col-100\">\n\t\t\t\t\t\t\t<div class=\"elementor-field-subgroup\">\n\t\t\t<span class=\"elementor-field-option\">\n\t\t\t\t<input type=\"checkbox\" name=\"form_fields[field_9c3a32b]\" id=\"form-field-field_9c3a32b\" class=\"elementor-field elementor-size-sm  elementor-acceptance-field\">\n\t\t\t\t<label for=\"form-field-field_9c3a32b\">I have read the privacy policy. I agree that my information and data will be collected and stored electronically to respond to my inquiry. Please accept cookies so this site works correctly. *<\/label>\t\t\t<\/span>\n\t\t<\/div>\n\t\t\t\t\t\t<\/div>\n\t\t\t\t\t\t\t\t<div class=\"elementor-field-type-recaptcha_v3 elementor-field-group elementor-column elementor-field-group-field_3ee56cb elementor-col-100 recaptcha_v3-bottomright\">\n\t\t\t\t\t<div class=\"elementor-field\" id=\"form-field-field_3ee56cb\"><div class=\"elementor-g-recaptcha\" data-sitekey=\"6LfpyWosAAAAAFM2rNkOH9r2r3BNmz_85al2NJ3O\" data-type=\"v3\" data-action=\"Form\" data-badge=\"bottomright\" data-size=\"invisible\"><\/div><\/div>\t\t\t\t<\/div>\n\t\t\t\t\t\t\t\t<div class=\"elementor-field-type-text\">\n\t\t\t\t\t<input size=\"1\" type=\"text\" name=\"form_fields[field_20c65a4]\" id=\"form-field-field_20c65a4\" class=\"elementor-field elementor-size-sm \" style=\"display:none !important;\">\t\t\t\t<\/div>\n\t\t\t\t\t\t\t\t<div class=\"elementor-field-group elementor-column elementor-field-type-submit elementor-col-100 e-form__buttons\">\n\t\t\t\t\t<button class=\"elementor-button elementor-size-lg\" type=\"submit\">\n\t\t\t\t\t\t<span class=\"elementor-button-content-wrapper\">\n\t\t\t\t\t\t\t\t\t\t\t\t\t\t\t\t\t\t\t\t\t\t<span class=\"elementor-button-text\">Send<\/span>\n\t\t\t\t\t\t\t\t\t\t\t\t\t<\/span>\n\t\t\t\t\t<\/button>\n\t\t\t\t<\/div>\n\t\t\t<\/div>\n\t\t<\/form>\n\t\t\t\t\t\t<\/div>\n\t\t\t\t<div class=\"elementor-element elementor-element-2df3e8f elementor-widget elementor-widget-text-editor\" data-id=\"2df3e8f\" data-element_type=\"widget\" data-e-type=\"widget\" data-widget_type=\"text-editor.default\">\n\t\t\t\t\t\t\t\t\tIf you send us a message or inquiry via the contact form, your information from the contact form, including the contact details you provide there, will be stored by us for the purpose of processing the inquiry and in case of follow-up questions. We will not share this data without your consent. For more information, see <a href=\"https:\/\/prof-thaler.de\/datenschutz\/\" target=\"_blank\" rel=\"noopener\">Privacy Policy<\/a>\t\t\t\t\t\t\t\t<\/div>\n\t\t\t\t<\/div>\n\t\t\t\t<\/div>\n\t\t\t\t\t<\/div>\n\t\t\t\t<\/div>\n\t\t\t\t<\/div>\n\t\t","protected":false},"excerpt":{"rendered":"<p>Contact Univ.-Prof. Dr. med. Christian J. ThalerM.I.A.C. \u2502 F.C.R.I. Frauen\u00e4rzte F\u00fcnf H\u00f6feSalvatorstr. 3 &#8211; AmirapassageD-80333 M\u00fcnchen Tel.: (Praxis) +49-89-2555-9590 Anrufbeantworter: (Video-Sprechstunde):\u00a0+49-89-5808826 Your Message If you send us a message or inquiry via the contact form, your information from the contact form, including the contact details you provide there, will be stored by us for the [&hellip;]<\/p>\n","protected":false},"author":1,"featured_media":0,"parent":0,"menu_order":0,"comment_status":"closed","ping_status":"closed","template":"","meta":{"footnotes":""},"class_list":["post-305","page","type-page","status-publish","hentry"],"_links":{"self":[{"href":"https:\/\/hormone-info.com\/it\/wp-json\/wp\/v2\/pages\/305","targetHints":{"allow":["GET"]}}],"collection":[{"href":"https:\/\/hormone-info.com\/it\/wp-json\/wp\/v2\/pages"}],"about":[{"href":"https:\/\/hormone-info.com\/it\/wp-json\/wp\/v2\/types\/page"}],"author":[{"embeddable":true,"href":"https:\/\/hormone-info.com\/it\/wp-json\/wp\/v2\/users\/1"}],"replies":[{"embeddable":true,"href":"https:\/\/hormone-info.com\/it\/wp-json\/wp\/v2\/comments?post=305"}],"version-history":[{"count":19,"href":"https:\/\/hormone-info.com\/it\/wp-json\/wp\/v2\/pages\/305\/revisions"}],"predecessor-version":[{"id":4015,"href":"https:\/\/hormone-info.com\/it\/wp-json\/wp\/v2\/pages\/305\/revisions\/4015"}],"wp:attachment":[{"href":"https:\/\/hormone-info.com\/it\/wp-json\/wp\/v2\/media?parent=305"}],"curies":[{"name":"wp","href":"https:\/\/api.w.org\/{rel}","templated":true}]}}