{"id":685,"date":"2025-09-08T07:09:13","date_gmt":"2025-09-08T07:09:13","guid":{"rendered":"https:\/\/hormone-info.com\/?page_id=685"},"modified":"2026-02-25T22:06:27","modified_gmt":"2026-02-25T21:06:27","slug":"privacy-policy","status":"publish","type":"page","link":"https:\/\/hormone-info.com\/en\/privacy-policy\/","title":{"rendered":"Privacy Policy"},"content":{"rendered":"<div data-elementor-type=\"wp-page\" data-elementor-id=\"685\" class=\"elementor elementor-685\" data-elementor-post-type=\"page\">\n\t\t\t\t<div data-particle_enable=\"false\" data-particle-mobile-disabled=\"false\" class=\"elementor-element elementor-element-e159a9e e-flex e-con-boxed e-con e-parent\" data-id=\"e159a9e\" data-element_type=\"container\" data-e-type=\"container\">\n\t\t\t\t\t<div class=\"e-con-inner\">\n\t\t\t\t<div class=\"elementor-element elementor-element-086d18a elementor-widget elementor-widget-heading\" data-id=\"086d18a\" data-element_type=\"widget\" data-e-type=\"widget\" data-widget_type=\"heading.default\">\n\t\t\t\t\t<h1 class=\"elementor-heading-title elementor-size-default\">Privacy Policy<\/h1>\t\t\t\t<\/div>\n\t\t\t\t<div class=\"elementor-element elementor-element-eaf1d40 elementor-widget elementor-widget-text-editor\" data-id=\"eaf1d40\" data-element_type=\"widget\" data-e-type=\"widget\" data-widget_type=\"text-editor.default\">\n\t\t\t\t\t\t\t\t\t<strong>1. Data Protection at a Glance<\/strong>\n\n<strong style=\"font-size: 1rem;\">General Information<\/strong>\n\nThe following information provides a simple overview of what happens to your personal data when you visit this website.\nPersonal data is any data by which you can be personally identified.\nDetailed information on the subject of data protection can be found in our privacy policy listed below this text.\n\n<strong style=\"font-size: 1rem;\">Data Collection on This Website<\/strong>\n\n<strong>Who is responsible for data collection on this website?<\/strong>\n\nData processing on this website is carried out by the website operator.\nYou can find their contact details in the section \u201cInformation on the Responsible Party\u201d in this privacy policy.\n\n<strong>How do we collect your data?<\/strong>\n\nOn the one hand, your data is collected when you provide it to us.\nThis may include, for example, data that you enter into a contact form.\n\nOther data is collected automatically or after your consent when you visit the website through our IT systems.\nThis mainly includes technical data (e.g. internet browser, operating system, or time of page access).\nThis data is collected automatically as soon as you enter this website.\n\n<strong>What do we use your data for?<\/strong>\n\nSome of the data is collected to ensure the error-free provision of the website.\nOther data may be used to analyze your user behavior.\n\n<strong>What rights do you have regarding your data?<\/strong>\n\nYou have the right at any time to obtain free information about the origin, recipients, and purpose of your stored personal data.\nYou also have the right to request the correction or deletion of this data.\nIf you have given consent to data processing, you may revoke this consent at any time for the future.\nFurthermore, you have the right, under certain circumstances, to request the restriction of the processing of your personal data.\nIn addition, you have the right to lodge a complaint with the competent supervisory authority.\n\nFor this and any further questions regarding data protection, you may contact us at any time.\n\n<strong>2. Hosting<\/strong>\n\nWe host the content of our website with the following provider:\n\n<strong>DomainFactory<\/strong>\n\nThe provider is <strong>DomainFactory GmbH<\/strong>, c\/o WeWork, Neuturmstra\u00dfe 5, 80331 Munich (hereinafter referred to as \u201cDomainFactory\u201d).\nWhen you visit our website, DomainFactory collects various log files including your IP addresses.\n\nFurther information can be found in DomainFactory\u2019s privacy policy:\n<a href=\"https:\/\/www.df.eu\/de\/datenschutz\/\" target=\"_blank\" rel=\"noopener noreferrer nofollow\">https:\/\/www.df.eu\/de\/datenschutz\/<\/a>.\n\nThe use of DomainFactory is based on Art. 6(1)(f) GDPR.\nWe have a legitimate interest in the most reliable presentation of our website possible.\nIf corresponding consent has been requested, processing is carried out exclusively on the basis of Art. 6(1)(a) GDPR and \u00a7 25(1) TTDSG,\ninsofar as the consent includes the storage of cookies or access to information on the user\u2019s device (e.g. device fingerprinting) within the meaning of the TTDSG.\nConsent may be revoked at any time.\n\n<strong>Data Processing Agreement<\/strong>\n\nWe have concluded a data processing agreement (DPA) for the use of the above-mentioned service.\nThis is a legally required contract that ensures that DomainFactory processes the personal data of our website visitors only in accordance with our instructions and in compliance with the GDPR.\n\n<strong>3. General Information and Mandatory Disclosures<\/strong>\n\n<strong>Data Protection<\/strong>\n\nThe operators of these pages take the protection of your personal data very seriously.\nWe treat your personal data confidentially and in accordance with statutory data protection regulations and this privacy policy.\n\nWhen you use this website, various personal data is collected.\nPersonal data is data by which you can be personally identified.\nThis privacy policy explains which data we collect and what we use it for.\nIt also explains how and for what purpose this happens.\n\nWe would like to point out that data transmission over the internet (e.g. communication by email) may have security vulnerabilities.\nComplete protection of data against access by third parties is not possible.\n\n<strong>Information on the Responsible Party<\/strong>\n\nThe responsible party for data processing on this website is:\n\nProf. Dr. med. Christian J. Thaler  \nFrauen\u00e4rzte F\u00fcnf H\u00f6fe  \nSalvatorstr. 3  \n80333 Munich  \n\n<span style=\"text-decoration: underline;\">\n<strong><a href=\"\/en\/kontakt\/\">Send email to Prof. Thaler<\/a><\/strong>\n<\/span>\n\nThe responsible party is the natural or legal person who alone or jointly with others determines the purposes and means of processing personal data\n(e.g. names, email addresses, etc.).\n\n<strong>Storage Duration<\/strong>\n\nUnless a more specific storage period has been specified in this privacy policy,\nyour personal data will remain with us until the purpose for data processing no longer applies.\nIf you assert a legitimate request for deletion or revoke consent,\nyour data will be deleted unless legally permissible reasons for further storage exist\n(e.g. tax or commercial retention periods); in the latter case, deletion will take place after these reasons no longer apply.\n\n<strong>General Information on the Legal Basis for Data Processing on This Website<\/strong>\n\nIf you have given consent to data processing,\nwe process your personal data on the basis of Art. 6(1)(a) GDPR or Art. 9(2)(a) GDPR,\nif special categories of personal data pursuant to Art. 9(1) GDPR are processed.\nIn the case of explicit consent to the transfer of personal data to third countries,\ndata processing is also based on Art. 49(1)(a) GDPR.\n\nIf you have consented to the storage of cookies or access to information on your device\n(e.g. via device fingerprinting),\ndata processing is additionally based on \u00a7 25(1) TTDSG.\nConsent may be revoked at any time.\n\nIf your data is required for contract fulfillment or pre-contractual measures,\nit is processed on the basis of Art. 6(1)(b) GDPR.\nFurthermore, data is processed if necessary to fulfill a legal obligation on the basis of Art. 6(1)(c) GDPR.\nData processing may also be based on our legitimate interest pursuant to Art. 6(1)(f) GDPR.\n\n<strong>Notice on Data Transfers to Non-Secure Third Countries and to US Companies Not Certified Under the DPF<\/strong>\n\nAmong other things, we use tools from companies based in countries that are not considered secure under data protection law,\nas well as US tools whose providers are not certified under the EU-US Data Privacy Framework (DPF).\nIf these tools are active, your personal data may be transferred to these countries and processed there.\nWe point out that no level of data protection comparable to that of the EU can be guaranteed in such countries.\n\nWe also point out that the USA is generally considered a safe third country with a level of data protection comparable to that of the EU,\nprovided that the recipient is certified under the EU-US Data Privacy Framework (DPF)\nor has appropriate additional safeguards in place.\n\n<strong>Recipients of Personal Data<\/strong>\n\nIn the course of our business activities, we cooperate with various external parties.\nIn some cases, this also requires the transfer of personal data to these external parties.\nWe only pass on personal data if this is necessary for contract fulfillment,\nif we are legally obliged to do so,\nif we have a legitimate interest pursuant to Art. 6(1)(f) GDPR,\nor if another legal basis permits the transfer.\n\n<strong>Right to Withdraw Consent<\/strong>\n\nMany data processing operations are only possible with your express consent.\nYou may revoke consent you have already given at any time.\nThe legality of the data processing carried out until the revocation remains unaffected.\n\n<strong>Right to Object (Art. 21 GDPR)<\/strong>\n\nIF DATA PROCESSING IS BASED ON ART. 6(1)(E) OR (F) GDPR,\nYOU HAVE THE RIGHT TO OBJECT TO THE PROCESSING OF YOUR PERSONAL DATA AT ANY TIME FOR REASONS ARISING FROM YOUR PARTICULAR SITUATION.\nTHIS ALSO APPLIES TO PROFILING BASED ON THESE PROVISIONS.\n\n<strong>Right to Lodge a Complaint with a Supervisory Authority<\/strong>\n\nAffected persons may contact the following supervisory authority:\n\n<strong>Bavarian State Office for Data Protection Supervision (BayLDA)<\/strong>  \nPromenade 18  \n91522 Ansbach  \n<a href=\"https:\/\/www.lda.bayern.de\" target=\"_blank\" rel=\"noopener noreferrer nofollow\">https:\/\/www.lda.bayern.de<\/a>\n\n<strong>SSL \/ TLS Encryption<\/strong>\n\nThis website uses SSL\/TLS encryption for security reasons and to protect the transmission of confidential content.\nIf SSL\/TLS encryption is activated, the data you transmit to us cannot be read by third parties.\n\n<strong>Image and Video Material<\/strong>\n\nPhotos: Asia Waypoint, Depositphotos, LMU Klinikum, Adobe Stock, Envato and private  \nVideo: Courtesy of the German Society of Gynecology and Obstetrics (DGGG)\n\n<strong>Web Design &#038; SEO Optimization<\/strong>\n\nSEO buchen by LinkITUp\n\nSource:\n<a href=\"https:\/\/www.e-recht24.de\/\" target=\"_blank\" rel=\"nofollow noopener\">https:\/\/www.e-recht24.de<\/a>\t\t\t\t\t\t\t\t<\/div>\n\t\t\t\t\t<\/div>\n\t\t\t\t<\/div>\n\t\t\t\t<\/div>","protected":false},"excerpt":{"rendered":"<p>1. Data Protection at a Glance General Information The following information provides a simple overview of what happens to your personal data when you visit this website. Personal data is any data by which you can be personally identified. Detailed information on the subject of data protection can be found in our privacy policy listed [&hellip;]<\/p>\n","protected":false},"author":1,"featured_media":0,"parent":0,"menu_order":0,"comment_status":"closed","ping_status":"closed","template":"","meta":{"footnotes":""},"class_list":["post-685","page","type-page","status-publish","hentry"],"_links":{"self":[{"href":"https:\/\/hormone-info.com\/en\/wp-json\/wp\/v2\/pages\/685","targetHints":{"allow":["GET"]}}],"collection":[{"href":"https:\/\/hormone-info.com\/en\/wp-json\/wp\/v2\/pages"}],"about":[{"href":"https:\/\/hormone-info.com\/en\/wp-json\/wp\/v2\/types\/page"}],"author":[{"embeddable":true,"href":"https:\/\/hormone-info.com\/en\/wp-json\/wp\/v2\/users\/1"}],"replies":[{"embeddable":true,"href":"https:\/\/hormone-info.com\/en\/wp-json\/wp\/v2\/comments?post=685"}],"version-history":[{"count":7,"href":"https:\/\/hormone-info.com\/en\/wp-json\/wp\/v2\/pages\/685\/revisions"}],"predecessor-version":[{"id":4011,"href":"https:\/\/hormone-info.com\/en\/wp-json\/wp\/v2\/pages\/685\/revisions\/4011"}],"wp:attachment":[{"href":"https:\/\/hormone-info.com\/en\/wp-json\/wp\/v2\/media?parent=685"}],"curies":[{"name":"wp","href":"https:\/\/api.w.org\/{rel}","templated":true}]}}