{"id":568,"date":"2025-09-06T19:37:26","date_gmt":"2025-09-06T19:37:26","guid":{"rendered":"https:\/\/hormone-info.com\/?page_id=568"},"modified":"2026-02-12T10:46:27","modified_gmt":"2026-02-12T09:46:27","slug":"imprint","status":"publish","type":"page","link":"https:\/\/hormone-info.com\/ar\/imprint\/","title":{"rendered":"\u0628\u0635\u0645\u0629"},"content":{"rendered":"<div data-elementor-type=\"wp-page\" data-elementor-id=\"568\" class=\"elementor elementor-568\" data-elementor-post-type=\"page\">\n\t\t\t\t<div data-particle_enable=\"false\" data-particle-mobile-disabled=\"false\" class=\"elementor-element elementor-element-510246a e-flex e-con-boxed e-con e-parent\" data-id=\"510246a\" data-element_type=\"container\" data-e-type=\"container\">\n\t\t\t\t\t<div class=\"e-con-inner\">\n\t\t<div data-particle_enable=\"false\" data-particle-mobile-disabled=\"false\" class=\"elementor-element elementor-element-654e255 e-grid e-con-full e-con e-child\" data-id=\"654e255\" data-element_type=\"container\" data-e-type=\"container\">\n\t\t<div data-particle_enable=\"false\" data-particle-mobile-disabled=\"false\" class=\"elementor-element elementor-element-fa7f999 e-con-full e-flex e-con e-child\" data-id=\"fa7f999\" data-element_type=\"container\" data-e-type=\"container\">\n\t\t<div data-particle_enable=\"false\" data-particle-mobile-disabled=\"false\" class=\"elementor-element elementor-element-c8931ca e-con-full e-flex e-con e-child\" data-id=\"c8931ca\" data-element_type=\"container\" data-e-type=\"container\">\n\t\t\t\t<div class=\"elementor-element elementor-element-e0fe6da elementor-widget elementor-widget-heading\" data-id=\"e0fe6da\" data-element_type=\"widget\" data-e-type=\"widget\" data-widget_type=\"heading.default\">\n\t\t\t\t\t<h1 class=\"elementor-heading-title elementor-size-default\">\u0628\u064a\u0627\u0646\u0627\u062a \u0627\u0644\u0646\u0634\u0631<\/h1>\t\t\t\t<\/div>\n\t\t\t\t<\/div>\n\t\t<div data-particle_enable=\"false\" data-particle-mobile-disabled=\"false\" class=\"elementor-element elementor-element-53cac8b e-con-full e-flex e-con e-child\" data-id=\"53cac8b\" data-element_type=\"container\" data-e-type=\"container\">\n\t\t\t\t<div class=\"elementor-element elementor-element-535ba5d elementor-widget elementor-widget-text-editor\" data-id=\"535ba5d\" data-element_type=\"widget\" data-e-type=\"widget\" data-widget_type=\"text-editor.default\">\n\t\t\t\t\t\t\t\t\t<p><strong>Verantwortlich:<\/strong><\/p>\n<p>\u062c\u0627\u0645\u0639\u0629-\u0627\u0644\u0628\u0631\u0648\u0641\u064a\u0633\u0648\u0631 \u062f\u0643\u062a\u0648\u0631 \u0645\u064a\u062f. \u0643\u0631\u064a\u0633\u062a\u064a\u0627\u0646 \u062c. \u062b\u0627\u0644\u0631<br>\u0623\u0637\u0628\u0627\u0621 \u0627\u0644\u0646\u0633\u0627\u0621 \u0627\u0644\u062e\u0645\u0633\u0629<br>\u0633\u0627\u0644\u0641\u0627\u062a\u0648\u0631\u0634\u062a\u0631\u0627\u0633\u0647 3 - \u0645\u0645\u0631 \u0623\u0645\u064a\u0631\u0627<br>80333 \u0645\u064a\u0648\u0646\u062e<\/p>\n<p><a href=\"\/ar\/kontakt\/\" rel=\"noopener\">\u0623\u0631\u0633\u0644 \u0628\u0631\u064a\u062f\u064b\u0627 \u0625\u0644\u0643\u062a\u0631\u0648\u0646\u064a\u064b\u0627 \u0625\u0644\u0649 \u0627\u0644\u0623\u0633\u062a\u0627\u0630 \u0627\u0644\u062f\u0643\u062a\u0648\u0631 \u062b\u0627\u0644\u0631 \u0633\u064a\u0646\u062f\u0646<\/a><\/p>\t\t\t\t\t\t\t\t<\/div>\n\t\t\t\t<\/div>\n\t\t\t\t<\/div>\n\t\t<div data-particle_enable=\"false\" data-particle-mobile-disabled=\"false\" class=\"elementor-element elementor-element-cf65907 e-con-full e-flex e-con e-child\" data-id=\"cf65907\" data-element_type=\"container\" data-e-type=\"container\">\n\t\t<div data-particle_enable=\"false\" data-particle-mobile-disabled=\"false\" class=\"elementor-element elementor-element-68626af e-con-full e-flex e-con e-child\" data-id=\"68626af\" data-element_type=\"container\" data-e-type=\"container\">\n\t\t\t\t<div class=\"elementor-element elementor-element-cc22e42 elementor-widget elementor-widget-text-editor\" data-id=\"cc22e42\" data-element_type=\"widget\" data-e-type=\"widget\" data-widget_type=\"text-editor.default\">\n\t\t\t\t\t\t\t\t\t<p><strong>Berufsordnung und zust\u00e4ndige \u00c4rztekammer:<\/strong><\/p><p>\u063a\u0631\u0641\u0629 \u0627\u0644\u0623\u0637\u0628\u0627\u0621 \u0641\u064a \u0648\u0644\u0627\u064a\u0629 \u0628\u0627\u0641\u0627\u0631\u064a\u0627<br \/>\u0645\u0648\u0644\u0628\u0627\u0648\u0631\u0634\u062a\u0631\u0627\u0633\u0647 16<br \/>81677 \u0645\u064a\u0648\u0646\u062e<\/p><p><a href=\"http:\/\/www.blaek.de\/\" target=\"_blank\" rel=\"noopener\">www.blaek.de<\/a><\/p>\t\t\t\t\t\t\t\t<\/div>\n\t\t\t\t<\/div>\n\t\t\t\t<\/div>\n\t\t\t\t<\/div>\n\t\t\t\t\t<\/div>\n\t\t\t\t<\/div>\n\t\t<div data-particle_enable=\"false\" data-particle-mobile-disabled=\"false\" class=\"elementor-element elementor-element-bd130e7 e-flex e-con-boxed e-con e-parent\" data-id=\"bd130e7\" data-element_type=\"container\" data-e-type=\"container\">\n\t\t\t\t\t<div class=\"e-con-inner\">\n\t\t<div data-particle_enable=\"false\" data-particle-mobile-disabled=\"false\" class=\"elementor-element elementor-element-8cdbde6 e-con-full e-flex e-con e-child\" data-id=\"8cdbde6\" data-element_type=\"container\" data-e-type=\"container\">\n\t\t<div data-particle_enable=\"false\" data-particle-mobile-disabled=\"false\" class=\"elementor-element elementor-element-0fc1e05 e-con-full e-flex e-con e-child\" data-id=\"0fc1e05\" data-element_type=\"container\" data-e-type=\"container\">\n\t\t<div data-particle_enable=\"false\" data-particle-mobile-disabled=\"false\" class=\"elementor-element elementor-element-b8ee7f2 e-con-full e-flex e-con e-child\" data-id=\"b8ee7f2\" data-element_type=\"container\" data-e-type=\"container\">\n\t\t\t\t<div class=\"elementor-element elementor-element-36c9a0f elementor-widget elementor-widget-text-editor\" data-id=\"36c9a0f\" data-element_type=\"widget\" data-e-type=\"widget\" data-widget_type=\"text-editor.default\">\n\t\t\t\t\t\t\t\t\t<p><strong>Bild- und Videomaterial:<\/strong><\/p><p><strong>\u0635\u0648\u0631:\u00a0<\/strong>\u0646\u0642\u0637\u0629 \u0627\u0644\u0637\u0631\u064a\u0642 \u0627\u0644\u0622\u0633\u064a\u0648\u064a\u0629\u060c \u0627\u0644\u0635\u0648\u0631 \u0627\u0644\u0645\u0648\u062f\u0639\u0629\u060c LMU Klinikum\u060c Adobe Stock \u0648\u0627\u0644\u062e\u0627\u0635\u0629<br \/><strong>\u0641\u064a\u062f\u064a\u0648:<\/strong>\u00a0Mit freundlicher Genehmigung der Deutschen Gesellschaft f\u00fcr Gyn\u00e4kologie und Geburtshilfe (<a href=\"https:\/\/www.gyn-werden.de\/\" target=\"_blank\" rel=\"noopener\">DGGG<\/a>)<\/p>\t\t\t\t\t\t\t\t<\/div>\n\t\t\t\t<div class=\"elementor-element elementor-element-db23087 elementor-widget elementor-widget-text-editor\" data-id=\"db23087\" data-element_type=\"widget\" data-e-type=\"widget\" data-widget_type=\"text-editor.default\">\n\t\t\t\t\t\t\t\t\t<p><strong>\u062a\u0635\u0645\u064a\u0645 \u0627\u0644\u0645\u0648\u0627\u0642\u0639 \u0627\u0644\u0625\u0644\u0643\u062a\u0631\u0648\u0646\u064a\u0629 \u0648\u062a\u062d\u0633\u064a\u0646 \u0645\u062d\u0631\u0643\u0627\u062a \u0627\u0644\u0628\u062d\u062b:<\/strong><\/p><p><a href=\"https:\/\/seobuchen.com\" target=\"_blank\" rel=\"noopener\">\u062d\u062c\u0632 \u062e\u062f\u0645\u0627\u062a \u062a\u062d\u0633\u064a\u0646 \u0645\u062d\u0631\u0643\u0627\u062a \u0627\u0644\u0628\u062d\u062b \u0645\u0646 LinkITUp<\/a><\/p>\t\t\t\t\t\t\t\t<\/div>\n\t\t\t\t<\/div>\n\t\t\t\t<\/div>\n\t\t\t\t<\/div>\n\t\t\t\t\t<\/div>\n\t\t\t\t<\/div>\n\t\t\t\t<\/div>","protected":false},"excerpt":{"rendered":"<p>Impressum Verantwortlich: Univ.-Prof. Dr. med. Christian J. ThalerFrauen\u00e4rzte F\u00fcnf H\u00f6feSalvatorstr. 3 &#8211; Amirapassage80333 M\u00fcnchen Email an Prof. Dr. Thaler senden Berufsordnung und zust\u00e4ndige \u00c4rztekammer: Bayerische Landes\u00e4rztekammerM\u00fchlbaurstra\u00dfe 1681677 M\u00fcnchen www.blaek.de Bild- und Videomaterial: Fotos:\u00a0Asia Waypoint, Depositphotos, LMU Klinikum, Adobe Stock und privatVideo:\u00a0Mit freundlicher Genehmigung der Deutschen Gesellschaft f\u00fcr Gyn\u00e4kologie und Geburtshilfe (DGGG) Webdesign &amp; SEO-Optimierung: SEO [&hellip;]<\/p>\n","protected":false},"author":1,"featured_media":0,"parent":0,"menu_order":0,"comment_status":"closed","ping_status":"closed","template":"","meta":{"footnotes":""},"class_list":["post-568","page","type-page","status-publish","hentry"],"_links":{"self":[{"href":"https:\/\/hormone-info.com\/ar\/wp-json\/wp\/v2\/pages\/568","targetHints":{"allow":["GET"]}}],"collection":[{"href":"https:\/\/hormone-info.com\/ar\/wp-json\/wp\/v2\/pages"}],"about":[{"href":"https:\/\/hormone-info.com\/ar\/wp-json\/wp\/v2\/types\/page"}],"author":[{"embeddable":true,"href":"https:\/\/hormone-info.com\/ar\/wp-json\/wp\/v2\/users\/1"}],"replies":[{"embeddable":true,"href":"https:\/\/hormone-info.com\/ar\/wp-json\/wp\/v2\/comments?post=568"}],"version-history":[{"count":4,"href":"https:\/\/hormone-info.com\/ar\/wp-json\/wp\/v2\/pages\/568\/revisions"}],"predecessor-version":[{"id":3912,"href":"https:\/\/hormone-info.com\/ar\/wp-json\/wp\/v2\/pages\/568\/revisions\/3912"}],"wp:attachment":[{"href":"https:\/\/hormone-info.com\/ar\/wp-json\/wp\/v2\/media?parent=568"}],"curies":[{"name":"wp","href":"https:\/\/api.w.org\/{rel}","templated":true}]}}